{"id":108,"date":"2015-07-20T16:39:09","date_gmt":"2015-07-20T14:39:09","guid":{"rendered":"http:\/\/www.ullageiges.com\/new\/?page_id=108"},"modified":"2018-03-16T18:16:52","modified_gmt":"2018-03-16T17:16:52","slug":"etude-i","status":"publish","type":"page","link":"https:\/\/www.ullageiges.de\/?page_id=108","title":{"rendered":"Etude I    <span style='color:#5a3923;font-size:16px;'>(2009)<\/span>"},"content":{"rendered":"<p>Werkschau am 19.06.2009 im tanzhaus nrw, mit einer Einleitung von Professor Hansj\u00f6rg Geiges.<br \/>\nGastspiel in NewCastle am 18.07.2009\u00a0und in Cagliari (Sardinien) am\u00a026.09.2009.<br \/>\nEine Produktion des tanzhaus nrw.<\/p>\n<p>Mathe trifft Tanz. Neun Tanzmotive, vierzehn T\u00e4nzer \u2013 ein Kombinations- bzw. Kompositionsspiel f\u00fcr T\u00e4nzer und Publikum.<\/p>\n<p><strong>K\u00fcnstlerische Leitung<\/strong>: Ulla Geiges<br \/>\n<strong>T\u00e4nzer<\/strong>: David Cham, Ana De Lima, Elisa Eicker, Anna Flade, Theresa Frische, Lisa Hellmich, Swane K\u00fcpper, Jana Mielke, Nina Niknafs, Nina Schmehl, Britta Schmitz, Hannah Schmitz, Alena Te Poel, Milena Wiese<br \/>\n<strong>Musik<\/strong>: Antonio Vivaldi: Stabat Mater, Nisi Dominus, Concerto in g-moll<br \/>\n<strong>B\u00fchne<\/strong>: Manfred N\u00fccken | <strong>Kost\u00fcme<\/strong>: die Triangel<br \/>\n<strong>Film<\/strong>: Franz Wagenbach<\/p>\n<div id=\"chor_gal\">\n<style id=\"bwg-style-0\">    #bwg_container1_0 #bwg_container2_0 .bwg-container-0.bwg-standard-thumbnails {      width: 512px;              justify-content: center;        margin:0 auto !important;              background-color: rgba(255, 255, 255, 0.00);            padding-left: 4px;      padding-top: 4px;      max-width: 100%;            }        #bwg_container1_0 #bwg_container2_0 .bwg-container-0.bwg-standard-thumbnails .bwg-item {      justify-content: flex-start;      max-width: 127px;          }    #bwg_container1_0 #bwg_container2_0 .bwg-container-0.bwg-standard-thumbnails .bwg-item > a {       margin-right: 4px;       margin-bottom: 4px;    }    #bwg_container1_0 #bwg_container2_0 .bwg-container-0.bwg-standard-thumbnails .bwg-item0 {      padding: 0px;            background-color:rgba(255,255,255, 0.30);      border: 0px none #CCCCCC;      opacity: 1.00;      border-radius: 0;      box-shadow: 0px 0px 0px #888888;    }    #bwg_container1_0 #bwg_container2_0 .bwg-container-0.bwg-standard-thumbnails .bwg-item1 img {      max-height: none;      max-width: none;      padding: 0 !important;    }        @media only screen and (min-width: 480px) {      #bwg_container1_0 #bwg_container2_0 .bwg-container-0.bwg-standard-thumbnails .bwg-item0 {        transition: all 0.3s ease 0s;-webkit-transition: all 0.3s ease 0s;      }      #bwg_container1_0 #bwg_container2_0 .bwg-container-0.bwg-standard-thumbnails .bwg-item0:hover {        -ms-transform: scale(1.1);        -webkit-transform: scale(1.1);        transform: scale(1.1);      }    }          #bwg_container1_0 #bwg_container2_0 .bwg-container-0.bwg-standard-thumbnails .bwg-item1 {      padding-top: 100%;    }        #bwg_container1_0 #bwg_container2_0 .bwg-container-0.bwg-standard-thumbnails .bwg-title2,    #bwg_container1_0 #bwg_container2_0 .bwg-container-0.bwg-standard-thumbnails .bwg-ecommerce2 {      color: #CCCCCC;      font-family: segoe ui;      font-size: 16px;      font-weight: bold;      padding: 2px;      text-shadow: 0px 0px 0px #888888;      max-height: 100%;    }    #bwg_container1_0 #bwg_container2_0 .bwg-container-0.bwg-standard-thumbnails .bwg-thumb-description span {    color: #323A45;    font-family: Ubuntu;    font-size: 12px;    max-height: 100%;    word-wrap: break-word;    }    #bwg_container1_0 #bwg_container2_0 .bwg-container-0.bwg-standard-thumbnails .bwg-play-icon2 {      font-size: 32px;    }    #bwg_container1_0 #bwg_container2_0 .bwg-container-0.bwg-standard-thumbnails .bwg-ecommerce2 {      font-size: 19.2px;      color: #CCCCCC;    }    <\/style>    <div id=\"bwg_container1_0\"         class=\"bwg_container bwg_thumbnail bwg_thumbnails\"         data-right-click-protection=\"0\"         data-bwg=\"0\"         data-gallery-type=\"thumbnails\"         data-current-url=\"https:\/\/www.ullageiges.de\/index.php?rest_route=%2Fwp%2Fv2%2Fpages%2F108\"         data-lightbox-url=\"https:\/\/www.ullageiges.de\/wp-admin\/admin-ajax.php?action=GalleryBox&#038;current_view=0&#038;gallery_id=5&#038;tag=0&#038;theme_id=1&#038;shortcode_id=5&#038;sort_by=order&#038;order_by=desc&#038;current_url=https%3A%2F%2Fwww.ullageiges.de%2Findex.php%3Frest_route%3D%252Fwp%252Fv2%252Fpages%252F108\"         data-gallery-id=\"5\"         data-popup-width=\"1200\"         data-popup-height=\"800\"         data-is-album=\"gallery\"         data-buttons-position=\"bottom\">      <div id=\"bwg_container2_0\">             <div id=\"ajax_loading_0\" class=\"bwg_loading_div_1\">      <div class=\"bwg_loading_div_2\">        <div class=\"bwg_loading_div_3\">          <div id=\"loading_div_0\" class=\"bwg_spider_ajax_loading\">          <\/div>        <\/div>      <\/div>    <\/div>            <form id=\"gal_front_form_0\"              class=\"bwg-hidden\"              method=\"post\"              action=\"#\"              data-current=\"0\"              data-shortcode-id=\"5\"              data-gallery-type=\"thumbnails\"              data-gallery-id=\"5\"              data-tag=\"0\"              data-album-id=\"0\"              data-theme-id=\"1\"              data-ajax-url=\"https:\/\/www.ullageiges.de\/wp-admin\/admin-ajax.php?action=bwg_frontend_data\">          <div id=\"bwg_container3_0\" class=\"bwg-background bwg-background-0\">                <div data-max-count=\"4\"         data-thumbnail-width=\"127\"         data-bwg=\"0\"         data-gallery-id=\"5\"         data-lightbox-url=\"https:\/\/www.ullageiges.de\/wp-admin\/admin-ajax.php?action=GalleryBox&amp;current_view=0&amp;gallery_id=5&amp;tag=0&amp;theme_id=1&amp;shortcode_id=5&amp;sort_by=order&amp;order_by=desc&amp;current_url=https%3A%2F%2Fwww.ullageiges.de%2Findex.php%3Frest_route%3D%252Fwp%252Fv2%252Fpages%252F108\"         id=\"bwg_thumbnails_0\"         class=\"bwg-container-0 bwg-thumbnails bwg-standard-thumbnails bwg-container bwg-border-box\">            <div class=\"bwg-item\">        <a class=\"bwg-a \"  data-elementor-open-lightbox=\"no\" >                <div class=\"bwg-item0 \">          <div class=\"bwg-item1 \">            <div class=\"bwg-item2\">              <img class=\"skip-lazy bwg_standart_thumb_img_0 \"                   data-id=\"62\"                   data-width=\"\"                   data-height=\"\"                   data-src=\"https:\/\/www.ullageiges.de\/wp-content\/uploads\/photo-gallery\/thumb\/etude01.jpg\"                   src=\"https:\/\/www.ullageiges.de\/wp-content\/uploads\/photo-gallery\/thumb\/etude01.jpg\"                   alt=\"etude01 \" \/>            <\/div>            <div class=\"\">                                                      <\/div>          <\/div>        <\/div>                        <\/a>              <\/div>            <div class=\"bwg-item\">        <a class=\"bwg-a \"  data-elementor-open-lightbox=\"no\" >                <div class=\"bwg-item0 \">          <div class=\"bwg-item1 \">            <div class=\"bwg-item2\">              <img class=\"skip-lazy bwg_standart_thumb_img_0 \"                   data-id=\"63\"                   data-width=\"\"                   data-height=\"\"                   data-src=\"https:\/\/www.ullageiges.de\/wp-content\/uploads\/photo-gallery\/thumb\/etude02.jpg\"                   src=\"https:\/\/www.ullageiges.de\/wp-content\/uploads\/photo-gallery\/thumb\/etude02.jpg\"                   alt=\"etude02 \" \/>            <\/div>            <div class=\"\">                                                      <\/div>          <\/div>        <\/div>                        <\/a>              <\/div>            <div class=\"bwg-item\">        <a class=\"bwg-a \"  data-elementor-open-lightbox=\"no\" >                <div class=\"bwg-item0 \">          <div class=\"bwg-item1 \">            <div class=\"bwg-item2\">              <img class=\"skip-lazy bwg_standart_thumb_img_0 \"                   data-id=\"64\"                   data-width=\"\"                   data-height=\"\"                   data-src=\"https:\/\/www.ullageiges.de\/wp-content\/uploads\/photo-gallery\/thumb\/etude03.jpg\"                   src=\"https:\/\/www.ullageiges.de\/wp-content\/uploads\/photo-gallery\/thumb\/etude03.jpg\"                   alt=\"etude03 \" \/>            <\/div>            <div class=\"\">                                                      <\/div>          <\/div>        <\/div>                        <\/a>              <\/div>            <div class=\"bwg-item\">        <a class=\"bwg-a \"  data-elementor-open-lightbox=\"no\" >                <div class=\"bwg-item0 \">          <div class=\"bwg-item1 \">            <div class=\"bwg-item2\">              <img class=\"skip-lazy bwg_standart_thumb_img_0 \"                   data-id=\"65\"                   data-width=\"\"                   data-height=\"\"                   data-src=\"https:\/\/www.ullageiges.de\/wp-content\/uploads\/photo-gallery\/thumb\/etude04.jpg\"                   src=\"https:\/\/www.ullageiges.de\/wp-content\/uploads\/photo-gallery\/thumb\/etude04.jpg\"                   alt=\"etude04 \" \/>            <\/div>            <div class=\"\">                                                      <\/div>          <\/div>        <\/div>                        <\/a>              <\/div>            <div class=\"bwg-item\">        <a class=\"bwg-a \"  data-elementor-open-lightbox=\"no\" >                <div class=\"bwg-item0 \">          <div class=\"bwg-item1 \">            <div class=\"bwg-item2\">              <img class=\"skip-lazy bwg_standart_thumb_img_0 \"                   data-id=\"66\"                   data-width=\"\"                   data-height=\"\"                   data-src=\"https:\/\/www.ullageiges.de\/wp-content\/uploads\/photo-gallery\/thumb\/etude05.jpg\"                   src=\"https:\/\/www.ullageiges.de\/wp-content\/uploads\/photo-gallery\/thumb\/etude05.jpg\"                   alt=\"etude05 \" \/>            <\/div>            <div class=\"\">                                                      <\/div>          <\/div>        <\/div>                        <\/a>              <\/div>            <div class=\"bwg-item\">        <a class=\"bwg-a \"  data-elementor-open-lightbox=\"no\" >                <div class=\"bwg-item0 \">          <div class=\"bwg-item1 \">            <div class=\"bwg-item2\">              <img class=\"skip-lazy bwg_standart_thumb_img_0 \"                   data-id=\"67\"                   data-width=\"\"                   data-height=\"\"                   data-src=\"https:\/\/www.ullageiges.de\/wp-content\/uploads\/photo-gallery\/thumb\/etude06.jpg\"                   src=\"https:\/\/www.ullageiges.de\/wp-content\/uploads\/photo-gallery\/thumb\/etude06.jpg\"                   alt=\"etude06 \" \/>            <\/div>            <div class=\"\">                                                      <\/div>          <\/div>        <\/div>                        <\/a>              <\/div>            <div class=\"bwg-item\">        <a class=\"bwg-a \"  data-elementor-open-lightbox=\"no\" >                <div class=\"bwg-item0 \">          <div class=\"bwg-item1 \">            <div class=\"bwg-item2\">              <img class=\"skip-lazy bwg_standart_thumb_img_0 \"                   data-id=\"68\"                   data-width=\"\"                   data-height=\"\"                   data-src=\"https:\/\/www.ullageiges.de\/wp-content\/uploads\/photo-gallery\/thumb\/etude07.jpg\"                   src=\"https:\/\/www.ullageiges.de\/wp-content\/uploads\/photo-gallery\/thumb\/etude07.jpg\"                   alt=\"etude07 \" \/>            <\/div>            <div class=\"\">                                                      <\/div>          <\/div>        <\/div>                        <\/a>              <\/div>            <div class=\"bwg-item\">        <a class=\"bwg-a \"  data-elementor-open-lightbox=\"no\" >                <div class=\"bwg-item0 \">          <div class=\"bwg-item1 \">            <div class=\"bwg-item2\">              <img class=\"skip-lazy bwg_standart_thumb_img_0 \"                   data-id=\"69\"                   data-width=\"\"                   data-height=\"\"                   data-src=\"https:\/\/www.ullageiges.de\/wp-content\/uploads\/photo-gallery\/thumb\/etude08.jpg\"                   src=\"https:\/\/www.ullageiges.de\/wp-content\/uploads\/photo-gallery\/thumb\/etude08.jpg\"                   alt=\"etude08 \" \/>            <\/div>            <div class=\"\">                                                      <\/div>          <\/div>        <\/div>                        <\/a>              <\/div>          <\/div>              <\/div>        <\/form>                <\/div>    <\/div>    <script>      if (document.readyState === 'complete') {        if( typeof bwg_main_ready == 'function' ) {          if ( jQuery(\"#bwg_container1_0\").height() ) {            bwg_main_ready(jQuery(\"#bwg_container1_0\"));          }        }      } else {        document.addEventListener('DOMContentLoaded', function() {          if( typeof bwg_main_ready == 'function' ) {            if ( jQuery(\"#bwg_container1_0\").height() ) {             bwg_main_ready(jQuery(\"#bwg_container1_0\"));            }          }        });      }    <\/script>    \n<\/div>\n<p><span style=\"font-size: 8pt;\">Fotos: Pete Huggins (1, 2) | Oliver Look (3-8)<\/span><\/p>\n","protected":false},"excerpt":{"rendered":"<p>Werkschau am 19.06.2009 im tanzhaus nrw, mit einer Einleitung von Professor Hansj\u00f6rg Geiges. Gastspiel in NewCastle am 18.07.2009\u00a0und in Cagliari (Sardinien) am\u00a026.09.2009. Eine Produktion des tanzhaus nrw. Mathe trifft Tanz. Neun Tanzmotive, vierzehn T\u00e4nzer \u2013 ein Kombinations- bzw. Kompositionsspiel f\u00fcr T\u00e4nzer und Publikum. K\u00fcnstlerische Leitung: Ulla Geiges T\u00e4nzer: David Cham, Ana De Lima, Elisa Eicker, &hellip; <a href=\"https:\/\/www.ullageiges.de\/?page_id=108\" class=\"more-link\"><span class=\"screen-reader-text\">Etude I    <span style='color:#5a3923;font-size:16px;'>(2009)<\/span><\/span> weiterlesen <span class=\"meta-nav\">&rarr;<\/span><\/a><\/p>\n","protected":false},"author":1,"featured_media":0,"parent":26,"menu_order":0,"comment_status":"closed","ping_status":"closed","template":"","meta":{"_links_to":"","_links_to_target":""},"_links":{"self":[{"href":"https:\/\/www.ullageiges.de\/index.php?rest_route=\/wp\/v2\/pages\/108"}],"collection":[{"href":"https:\/\/www.ullageiges.de\/index.php?rest_route=\/wp\/v2\/pages"}],"about":[{"href":"https:\/\/www.ullageiges.de\/index.php?rest_route=\/wp\/v2\/types\/page"}],"author":[{"embeddable":true,"href":"https:\/\/www.ullageiges.de\/index.php?rest_route=\/wp\/v2\/users\/1"}],"replies":[{"embeddable":true,"href":"https:\/\/www.ullageiges.de\/index.php?rest_route=%2Fwp%2Fv2%2Fcomments&post=108"}],"version-history":[{"count":0,"href":"https:\/\/www.ullageiges.de\/index.php?rest_route=\/wp\/v2\/pages\/108\/revisions"}],"up":[{"embeddable":true,"href":"https:\/\/www.ullageiges.de\/index.php?rest_route=\/wp\/v2\/pages\/26"}],"wp:attachment":[{"href":"https:\/\/www.ullageiges.de\/index.php?rest_route=%2Fwp%2Fv2%2Fmedia&parent=108"}],"curies":[{"name":"wp","href":"https:\/\/api.w.org\/{rel}","templated":true}]}}