{"id":110,"date":"2015-07-20T16:39:53","date_gmt":"2015-07-20T14:39:53","guid":{"rendered":"http:\/\/www.ullageiges.com\/new\/?page_id=110"},"modified":"2018-03-16T18:16:24","modified_gmt":"2018-03-16T17:16:24","slug":"jeux-de-societe-ii","status":"publish","type":"page","link":"https:\/\/www.ullageiges.de\/?page_id=110","title":{"rendered":"Jeux de Soci\u00e9t\u00e9 II    <span style='color:#5a3923;font-size:16px;'>(2009)<\/span>"},"content":{"rendered":"<p>Ein Spiel mit Tanzmotiven &#8211; zun\u00e4chst abstrakt &#8211; das sich jedoch mehr und mehr zu einem Gesellschaftsspiel zwischen drei Generationen entwickelt.<br \/>\nDie Motive werden verformt, zerdehnt, auseinandergerissen &#8230;, um in neuer Gestalt und inhaltlich gef\u00fcllt das Bild einer Gesellschaft zu zeichnen, in der jeder eine Spielfigur zu sein scheint, eine Figur die an die Spielregeln gebunden ist, und die dennoch nach Individualit\u00e4t und Freiheit strebt.<\/p>\n<p>Jeux de Soci\u00e9t\u00e9 II wurde zum Festival &#8222;autunno danza&#8220; 2009 in Cagliari, Sardinien eingeladen, au\u00dferdem zum Tanzaustausch NRW, Studiob\u00fchne &#8211; Turmstra\u00dfe &#8211; K\u00f6ln im November 2009 und zu den H\u00fcrther Tanztagen im M\u00e4rz 2010<\/p>\n<div id=\"chor_gal\">\n<style id=\"bwg-style-0\">    #bwg_container1_0 #bwg_container2_0 .bwg-container-0.bwg-standard-thumbnails {      width: 520px;              justify-content: center;        margin:0 auto !important;              background-color: rgba(255, 255, 255, 0.00);            padding-left: 4px;      padding-top: 4px;      max-width: 100%;            }        #bwg_container1_0 #bwg_container2_0 .bwg-container-0.bwg-standard-thumbnails .bwg-item {      justify-content: flex-start;      max-width: 172px;          }    #bwg_container1_0 #bwg_container2_0 .bwg-container-0.bwg-standard-thumbnails .bwg-item > a {       margin-right: 4px;       margin-bottom: 4px;    }    #bwg_container1_0 #bwg_container2_0 .bwg-container-0.bwg-standard-thumbnails .bwg-item0 {      padding: 0px;            background-color:rgba(255,255,255, 0.30);      border: 0px none #CCCCCC;      opacity: 1.00;      border-radius: 0;      box-shadow: 0px 0px 0px #888888;    }    #bwg_container1_0 #bwg_container2_0 .bwg-container-0.bwg-standard-thumbnails .bwg-item1 img {      max-height: none;      max-width: none;      padding: 0 !important;    }        @media only screen and (min-width: 480px) {      #bwg_container1_0 #bwg_container2_0 .bwg-container-0.bwg-standard-thumbnails .bwg-item0 {        transition: all 0.3s ease 0s;-webkit-transition: all 0.3s ease 0s;      }      #bwg_container1_0 #bwg_container2_0 .bwg-container-0.bwg-standard-thumbnails .bwg-item0:hover {        -ms-transform: scale(1.1);        -webkit-transform: scale(1.1);        transform: scale(1.1);      }    }          #bwg_container1_0 #bwg_container2_0 .bwg-container-0.bwg-standard-thumbnails .bwg-item1 {      padding-top: 100%;    }        #bwg_container1_0 #bwg_container2_0 .bwg-container-0.bwg-standard-thumbnails .bwg-title2,    #bwg_container1_0 #bwg_container2_0 .bwg-container-0.bwg-standard-thumbnails .bwg-ecommerce2 {      color: #CCCCCC;      font-family: segoe ui;      font-size: 16px;      font-weight: bold;      padding: 2px;      text-shadow: 0px 0px 0px #888888;      max-height: 100%;    }    #bwg_container1_0 #bwg_container2_0 .bwg-container-0.bwg-standard-thumbnails .bwg-thumb-description span {    color: #323A45;    font-family: Ubuntu;    font-size: 12px;    max-height: 100%;    word-wrap: break-word;    }    #bwg_container1_0 #bwg_container2_0 .bwg-container-0.bwg-standard-thumbnails .bwg-play-icon2 {      font-size: 32px;    }    #bwg_container1_0 #bwg_container2_0 .bwg-container-0.bwg-standard-thumbnails .bwg-ecommerce2 {      font-size: 19.2px;      color: #CCCCCC;    }    <\/style>    <div id=\"bwg_container1_0\"         class=\"bwg_container bwg_thumbnail bwg_thumbnails\"         data-right-click-protection=\"0\"         data-bwg=\"0\"         data-gallery-type=\"thumbnails\"         data-current-url=\"https:\/\/www.ullageiges.de\/index.php?rest_route=%2Fwp%2Fv2%2Fpages%2F110\"         data-lightbox-url=\"https:\/\/www.ullageiges.de\/wp-admin\/admin-ajax.php?action=GalleryBox&#038;current_view=0&#038;gallery_id=4&#038;tag=0&#038;theme_id=1&#038;shortcode_id=4&#038;sort_by=order&#038;order_by=desc&#038;current_url=https%3A%2F%2Fwww.ullageiges.de%2Findex.php%3Frest_route%3D%252Fwp%252Fv2%252Fpages%252F110\"         data-gallery-id=\"4\"         data-popup-width=\"1200\"         data-popup-height=\"800\"         data-is-album=\"gallery\"         data-buttons-position=\"bottom\">      <div id=\"bwg_container2_0\">             <div id=\"ajax_loading_0\" class=\"bwg_loading_div_1\">      <div class=\"bwg_loading_div_2\">        <div class=\"bwg_loading_div_3\">          <div id=\"loading_div_0\" class=\"bwg_spider_ajax_loading\">          <\/div>        <\/div>      <\/div>    <\/div>            <form id=\"gal_front_form_0\"              class=\"bwg-hidden\"              method=\"post\"              action=\"#\"              data-current=\"0\"              data-shortcode-id=\"4\"              data-gallery-type=\"thumbnails\"              data-gallery-id=\"4\"              data-tag=\"0\"              data-album-id=\"0\"              data-theme-id=\"1\"              data-ajax-url=\"https:\/\/www.ullageiges.de\/wp-admin\/admin-ajax.php?action=bwg_frontend_data\">          <div id=\"bwg_container3_0\" class=\"bwg-background bwg-background-0\">                <div data-max-count=\"3\"         data-thumbnail-width=\"172\"         data-bwg=\"0\"         data-gallery-id=\"4\"         data-lightbox-url=\"https:\/\/www.ullageiges.de\/wp-admin\/admin-ajax.php?action=GalleryBox&amp;current_view=0&amp;gallery_id=4&amp;tag=0&amp;theme_id=1&amp;shortcode_id=4&amp;sort_by=order&amp;order_by=desc&amp;current_url=https%3A%2F%2Fwww.ullageiges.de%2Findex.php%3Frest_route%3D%252Fwp%252Fv2%252Fpages%252F110\"         id=\"bwg_thumbnails_0\"         class=\"bwg-container-0 bwg-thumbnails bwg-standard-thumbnails bwg-container bwg-border-box\">            <div class=\"bwg-item\">        <a class=\"bwg-a \"  data-elementor-open-lightbox=\"no\" >                <div class=\"bwg-item0 \">          <div class=\"bwg-item1 \">            <div class=\"bwg-item2\">              <img class=\"skip-lazy bwg_standart_thumb_img_0 \"                   data-id=\"56\"                   data-width=\"\"                   data-height=\"\"                   data-src=\"https:\/\/www.ullageiges.de\/wp-content\/uploads\/photo-gallery\/thumb\/jeux01.jpg\"                   src=\"https:\/\/www.ullageiges.de\/wp-content\/uploads\/photo-gallery\/thumb\/jeux01.jpg\"                   alt=\"jeux01 \" \/>            <\/div>            <div class=\"\">                                                      <\/div>          <\/div>        <\/div>                        <\/a>              <\/div>            <div class=\"bwg-item\">        <a class=\"bwg-a \"  data-elementor-open-lightbox=\"no\" >                <div class=\"bwg-item0 \">          <div class=\"bwg-item1 \">            <div class=\"bwg-item2\">              <img class=\"skip-lazy bwg_standart_thumb_img_0 \"                   data-id=\"57\"                   data-width=\"\"                   data-height=\"\"                   data-src=\"https:\/\/www.ullageiges.de\/wp-content\/uploads\/photo-gallery\/thumb\/jeux02.jpg\"                   src=\"https:\/\/www.ullageiges.de\/wp-content\/uploads\/photo-gallery\/thumb\/jeux02.jpg\"                   alt=\"jeux02 \" \/>            <\/div>            <div class=\"\">                                                      <\/div>          <\/div>        <\/div>                        <\/a>              <\/div>            <div class=\"bwg-item\">        <a class=\"bwg-a \"  data-elementor-open-lightbox=\"no\" >                <div class=\"bwg-item0 \">          <div class=\"bwg-item1 \">            <div class=\"bwg-item2\">              <img class=\"skip-lazy bwg_standart_thumb_img_0 \"                   data-id=\"58\"                   data-width=\"\"                   data-height=\"\"                   data-src=\"https:\/\/www.ullageiges.de\/wp-content\/uploads\/photo-gallery\/thumb\/jeux03.jpg\"                   src=\"https:\/\/www.ullageiges.de\/wp-content\/uploads\/photo-gallery\/thumb\/jeux03.jpg\"                   alt=\"jeux03 \" \/>            <\/div>            <div class=\"\">                                                      <\/div>          <\/div>        <\/div>                        <\/a>              <\/div>            <div class=\"bwg-item\">        <a class=\"bwg-a \"  data-elementor-open-lightbox=\"no\" >                <div class=\"bwg-item0 \">          <div class=\"bwg-item1 \">            <div class=\"bwg-item2\">              <img class=\"skip-lazy bwg_standart_thumb_img_0 \"                   data-id=\"59\"                   data-width=\"\"                   data-height=\"\"                   data-src=\"https:\/\/www.ullageiges.de\/wp-content\/uploads\/photo-gallery\/thumb\/jeux04.jpg\"                   src=\"https:\/\/www.ullageiges.de\/wp-content\/uploads\/photo-gallery\/thumb\/jeux04.jpg\"                   alt=\"jeux04 \" \/>            <\/div>            <div class=\"\">                                                      <\/div>          <\/div>        <\/div>                        <\/a>              <\/div>            <div class=\"bwg-item\">        <a class=\"bwg-a \"  data-elementor-open-lightbox=\"no\" >                <div class=\"bwg-item0 \">          <div class=\"bwg-item1 \">            <div class=\"bwg-item2\">              <img class=\"skip-lazy bwg_standart_thumb_img_0 \"                   data-id=\"60\"                   data-width=\"\"                   data-height=\"\"                   data-src=\"https:\/\/www.ullageiges.de\/wp-content\/uploads\/photo-gallery\/thumb\/jeux05.jpg\"                   src=\"https:\/\/www.ullageiges.de\/wp-content\/uploads\/photo-gallery\/thumb\/jeux05.jpg\"                   alt=\"jeux05 \" \/>            <\/div>            <div class=\"\">                                                      <\/div>          <\/div>        <\/div>                        <\/a>              <\/div>            <div class=\"bwg-item\">        <a class=\"bwg-a \"  data-elementor-open-lightbox=\"no\" >                <div class=\"bwg-item0 \">          <div class=\"bwg-item1 \">            <div class=\"bwg-item2\">              <img class=\"skip-lazy bwg_standart_thumb_img_0 \"                   data-id=\"61\"                   data-width=\"\"                   data-height=\"\"                   data-src=\"https:\/\/www.ullageiges.de\/wp-content\/uploads\/photo-gallery\/thumb\/jeux06.jpg\"                   src=\"https:\/\/www.ullageiges.de\/wp-content\/uploads\/photo-gallery\/thumb\/jeux06.jpg\"                   alt=\"jeux06 \" \/>            <\/div>            <div class=\"\">                                                      <\/div>          <\/div>        <\/div>                        <\/a>              <\/div>          <\/div>              <\/div>        <\/form>                <\/div>    <\/div>    <script>      if (document.readyState === 'complete') {        if( typeof bwg_main_ready == 'function' ) {          if ( jQuery(\"#bwg_container1_0\").height() ) {            bwg_main_ready(jQuery(\"#bwg_container1_0\"));          }        }      } else {        document.addEventListener('DOMContentLoaded', function() {          if( typeof bwg_main_ready == 'function' ) {            if ( jQuery(\"#bwg_container1_0\").height() ) {             bwg_main_ready(jQuery(\"#bwg_container1_0\"));            }          }        });      }    <\/script>    \n<p><span style=\"font-size: 8pt;\">Fotos: Ursula Kaufmann<\/span><\/p>\n<\/div>\n<div id=\"video\"><a href=\"http:\/\/www.youtube.com\/watch?v=FZgjcjIDfi8\">VIDEO<\/a><\/div>\n<p><strong>Choreografie<\/strong>: Ulla Geiges<br \/>\n<strong>Tanz<\/strong>:<br \/>\nGeneration I: Leo Brauckmann, Caterina Mascia, Sarah Plattes, Caspar Wagenbach, Mathis Wagenbach<br \/>\nGeneration II: David Cham, Ana De Lima, Nina Niknafs, Nina Schmehl, Hannah Schmitz<br \/>\nGeneration III: Elisa Eicker, Theresa Frische, Lisa Hellmich, Swane K\u00fcpper, Jana Mielke, Alena Te Poel, Milena Wiese<\/p>\n<p><strong>Musik<\/strong>: R. Aubrey, A.Schnittke, B\u00e9la Bart\u00f2k &#8211; <strong>Kost\u00fcme<\/strong>: die Triangel<br \/>\n<strong>Licht und B\u00fchne<\/strong>: Manfred N\u00fccken<\/p>\n<p>Eine Produktion des tanzhaus nrw.<\/p>\n<p>Kritik :<br \/>\n[<a href=\"https:\/\/www.ullageiges.de\/kritiken\/jeux_review.jpg\">Ines Arnold \/ Westdeutsche Zeitung<\/a>]<\/p>\n<p><a href=\"https:\/\/www.ullageiges.de\/wp-content\/uploads\/2015\/07\/locandina_2009.jpg\"><img loading=\"lazy\" class=\"alignleft wp-image-499\" src=\"https:\/\/www.ullageiges.de\/wp-content\/uploads\/2015\/07\/locandina_2009.jpg\" alt=\"locandina_2009\" width=\"180\" height=\"255\" srcset=\"https:\/\/www.ullageiges.de\/wp-content\/uploads\/2015\/07\/locandina_2009.jpg 700w, https:\/\/www.ullageiges.de\/wp-content\/uploads\/2015\/07\/locandina_2009-212x300.jpg 212w\" sizes=\"(max-width: 180px) 100vw, 180px\" \/><\/a><\/p>\n","protected":false},"excerpt":{"rendered":"<p>Ein Spiel mit Tanzmotiven &#8211; zun\u00e4chst abstrakt &#8211; das sich jedoch mehr und mehr zu einem Gesellschaftsspiel zwischen drei Generationen entwickelt. Die Motive werden verformt, zerdehnt, auseinandergerissen &#8230;, um in neuer Gestalt und inhaltlich gef\u00fcllt das Bild einer Gesellschaft zu zeichnen, in der jeder eine Spielfigur zu sein scheint, eine Figur die an die Spielregeln &hellip; <a href=\"https:\/\/www.ullageiges.de\/?page_id=110\" class=\"more-link\"><span class=\"screen-reader-text\">Jeux de Soci\u00e9t\u00e9 II    <span style='color:#5a3923;font-size:16px;'>(2009)<\/span><\/span> weiterlesen <span class=\"meta-nav\">&rarr;<\/span><\/a><\/p>\n","protected":false},"author":1,"featured_media":0,"parent":26,"menu_order":0,"comment_status":"closed","ping_status":"closed","template":"","meta":{"_links_to":"","_links_to_target":""},"_links":{"self":[{"href":"https:\/\/www.ullageiges.de\/index.php?rest_route=\/wp\/v2\/pages\/110"}],"collection":[{"href":"https:\/\/www.ullageiges.de\/index.php?rest_route=\/wp\/v2\/pages"}],"about":[{"href":"https:\/\/www.ullageiges.de\/index.php?rest_route=\/wp\/v2\/types\/page"}],"author":[{"embeddable":true,"href":"https:\/\/www.ullageiges.de\/index.php?rest_route=\/wp\/v2\/users\/1"}],"replies":[{"embeddable":true,"href":"https:\/\/www.ullageiges.de\/index.php?rest_route=%2Fwp%2Fv2%2Fcomments&post=110"}],"version-history":[{"count":0,"href":"https:\/\/www.ullageiges.de\/index.php?rest_route=\/wp\/v2\/pages\/110\/revisions"}],"up":[{"embeddable":true,"href":"https:\/\/www.ullageiges.de\/index.php?rest_route=\/wp\/v2\/pages\/26"}],"wp:attachment":[{"href":"https:\/\/www.ullageiges.de\/index.php?rest_route=%2Fwp%2Fv2%2Fmedia&parent=110"}],"curies":[{"name":"wp","href":"https:\/\/api.w.org\/{rel}","templated":true}]}}