{"id":119,"date":"2015-07-20T16:47:09","date_gmt":"2015-07-20T14:47:09","guid":{"rendered":"http:\/\/www.ullageiges.com\/new\/?page_id=119"},"modified":"2018-03-16T18:07:37","modified_gmt":"2018-03-16T17:07:37","slug":"osterakademie2012","status":"publish","type":"page","link":"https:\/\/www.ullageiges.de\/?page_id=119","title":{"rendered":"Osterakademie 2012"},"content":{"rendered":"<p><strong>tanzhaus nrw 2012<\/strong><\/p>\n<p>Tanztreff, Trainingslager, Ort k\u00fcnstlerischen Austauschs&#8230;u.v.m. bietet die Oster-Akademie jungen tanzbegeisterten Menschen aus NRW.<br \/>\nIn Kursen wie YahumaBodyRolling k\u00f6nnen die Jugendlichen zun\u00e4chst spielerisch anatomische Zusammenh\u00e4nge ihres K\u00f6rpers entdecken. Sie lernen, ihren K\u00f6rper bewu\u00dft einzusetzen, unabh\u00e4ngig von jeglicher Tanzart auf Achsen und Linien zu achten. Auch durch den bewu\u00dften Einsatz unterschiedlicher Dynamiken helfen sie ihrem K\u00f6rper Spr\u00fcnge und St\u00fcrze abzufedern und so ihre Gelenke und ihre Muskulatur zu schonen.<br \/>\nDie gewonnenen Erkenntnisse werden danach im Klassischen- wie im Zeitgen\u00f6ssischen Tanztraining angewandt und vertieft. Im Choregraphischen Workshop k\u00f6nnen die Jungen T\u00e4nzer sich dann \u201eaustoben\u201c, ihrer Kreativit\u00e4t freien Lauf lassen, ohne durch un\u00fcberlegte Bewegungsabl\u00e4ufe ihren K\u00f6rper zu sch\u00e4digen.<br \/>\nDie jungen T\u00e4nzer sollen entdecken, da\u00df die Beherrschung eines soliden Handwerks ihnen ungeahnte k\u00fcnstlerische Freiheiten er\u00f6ffnet, da\u00df sie mit einer Vielfalt von M\u00f6glichkeiten spielen k\u00f6nnen, um ihren eigenen Ausdruck zu finden.<br \/>\nIm Austausch mit Gastkindern aus Spanien, Gro\u00dfbritannien und Belgien k\u00f6nnen sie au\u00dferdem \u00fcber die unterschiedlichen Sichtweisen des modernen k\u00fcnstlerischen Tanzes, seine verschiedenen Stile und Inhalte diskutieren.<br \/>\nKunst und Kultur hautnah erleben und mitgestalten, da\u00df ist das Ziel dieser Osterakademie. Einblicke gew\u00e4hren, Augen \u00f6ffnen \u2026..Neues entdecken!!!.<\/p>\n<p><strong>Gastdozenten<\/strong>: Klassischer Tanz: Luc de Lairesse, Fran\u00e7oise Kahn, Ulla Geiges<br \/>\n<strong>Zeitgen\u00f6ssischer Tanz<\/strong>: Elena Prishvitsyna, Paolo Fossa, Ulla Geiges<br \/>\n<strong>Jazztanz<\/strong>: Colin Sinclair<br \/>\n<strong>Yamuna Body Rolling<\/strong>: Flavia Tabarrini<\/p>\n<p><strong>Gastkompanie<\/strong>: Art en Moviment, Cituadella\/Menorca<br \/>\n<strong>Gastt\u00e4nzer<\/strong>: Valeria Liptschanskaja, Nico Musebrink<\/p>\n<p><strong>Kritik<\/strong> :\u00a0[<a href=\"https:\/\/www.ullageiges.de\/kritiken\/osterakademie2012_review.jpg\">Anna-Katharina Jung \/ Rheinische Post<\/a>]<\/p>\n<div id=\"chor_gal\">\n<style id=\"bwg-style-0\">    #bwg_container1_0 #bwg_container2_0 .bwg-container-0.bwg-standard-thumbnails {      width: 504px;              justify-content: center;        margin:0 auto !important;              background-color: rgba(255, 255, 255, 0.00);            padding-left: 4px;      padding-top: 4px;      max-width: 100%;            }        #bwg_container1_0 #bwg_container2_0 .bwg-container-0.bwg-standard-thumbnails .bwg-item {      justify-content: flex-start;      max-width: 100px;          }    #bwg_container1_0 #bwg_container2_0 .bwg-container-0.bwg-standard-thumbnails .bwg-item > a {       margin-right: 4px;       margin-bottom: 4px;    }    #bwg_container1_0 #bwg_container2_0 .bwg-container-0.bwg-standard-thumbnails .bwg-item0 {      padding: 0px;            background-color:rgba(255,255,255, 0.30);      border: 0px none #CCCCCC;      opacity: 1.00;      border-radius: 0;      box-shadow: 0px 0px 0px #888888;    }    #bwg_container1_0 #bwg_container2_0 .bwg-container-0.bwg-standard-thumbnails .bwg-item1 img {      max-height: none;      max-width: none;      padding: 0 !important;    }        @media only screen and (min-width: 480px) {      #bwg_container1_0 #bwg_container2_0 .bwg-container-0.bwg-standard-thumbnails .bwg-item0 {        transition: all 0.3s ease 0s;-webkit-transition: all 0.3s ease 0s;      }      #bwg_container1_0 #bwg_container2_0 .bwg-container-0.bwg-standard-thumbnails .bwg-item0:hover {        -ms-transform: scale(1.1);        -webkit-transform: scale(1.1);        transform: scale(1.1);      }    }          #bwg_container1_0 #bwg_container2_0 .bwg-container-0.bwg-standard-thumbnails .bwg-item1 {      padding-top: 100%;    }        #bwg_container1_0 #bwg_container2_0 .bwg-container-0.bwg-standard-thumbnails .bwg-title2,    #bwg_container1_0 #bwg_container2_0 .bwg-container-0.bwg-standard-thumbnails .bwg-ecommerce2 {      color: #CCCCCC;      font-family: segoe ui;      font-size: 16px;      font-weight: bold;      padding: 2px;      text-shadow: 0px 0px 0px #888888;      max-height: 100%;    }    #bwg_container1_0 #bwg_container2_0 .bwg-container-0.bwg-standard-thumbnails .bwg-thumb-description span {    color: #323A45;    font-family: Ubuntu;    font-size: 12px;    max-height: 100%;    word-wrap: break-word;    }    #bwg_container1_0 #bwg_container2_0 .bwg-container-0.bwg-standard-thumbnails .bwg-play-icon2 {      font-size: 32px;    }    #bwg_container1_0 #bwg_container2_0 .bwg-container-0.bwg-standard-thumbnails .bwg-ecommerce2 {      font-size: 19.2px;      color: #CCCCCC;    }    <\/style>    <div id=\"bwg_container1_0\"         class=\"bwg_container bwg_thumbnail bwg_thumbnails\"         data-right-click-protection=\"0\"         data-bwg=\"0\"         data-gallery-type=\"thumbnails\"         data-current-url=\"https:\/\/www.ullageiges.de\/index.php?rest_route=%2Fwp%2Fv2%2Fpages%2F119\"         data-lightbox-url=\"https:\/\/www.ullageiges.de\/wp-admin\/admin-ajax.php?action=GalleryBox&#038;current_view=0&#038;gallery_id=19&#038;tag=0&#038;theme_id=1&#038;shortcode_id=19&#038;sort_by=order&#038;order_by=desc&#038;current_url=https%3A%2F%2Fwww.ullageiges.de%2Findex.php%3Frest_route%3D%252Fwp%252Fv2%252Fpages%252F119\"         data-gallery-id=\"19\"         data-popup-width=\"1200\"         data-popup-height=\"864\"         data-is-album=\"gallery\"         data-buttons-position=\"bottom\">      <div id=\"bwg_container2_0\">             <div id=\"ajax_loading_0\" class=\"bwg_loading_div_1\">      <div class=\"bwg_loading_div_2\">        <div class=\"bwg_loading_div_3\">          <div id=\"loading_div_0\" class=\"bwg_spider_ajax_loading\">          <\/div>        <\/div>      <\/div>    <\/div>            <form id=\"gal_front_form_0\"              class=\"bwg-hidden\"              method=\"post\"              action=\"#\"              data-current=\"0\"              data-shortcode-id=\"19\"              data-gallery-type=\"thumbnails\"              data-gallery-id=\"19\"              data-tag=\"0\"              data-album-id=\"0\"              data-theme-id=\"1\"              data-ajax-url=\"https:\/\/www.ullageiges.de\/wp-admin\/admin-ajax.php?action=bwg_frontend_data\">          <div id=\"bwg_container3_0\" class=\"bwg-background bwg-background-0\">                <div data-max-count=\"5\"         data-thumbnail-width=\"100\"         data-bwg=\"0\"         data-gallery-id=\"19\"         data-lightbox-url=\"https:\/\/www.ullageiges.de\/wp-admin\/admin-ajax.php?action=GalleryBox&amp;current_view=0&amp;gallery_id=19&amp;tag=0&amp;theme_id=1&amp;shortcode_id=19&amp;sort_by=order&amp;order_by=desc&amp;current_url=https%3A%2F%2Fwww.ullageiges.de%2Findex.php%3Frest_route%3D%252Fwp%252Fv2%252Fpages%252F119\"         id=\"bwg_thumbnails_0\"         class=\"bwg-container-0 bwg-thumbnails bwg-standard-thumbnails bwg-container bwg-border-box\">            <div class=\"bwg-item\">        <a class=\"bwg-a \"  data-elementor-open-lightbox=\"no\" >                <div class=\"bwg-item0 \">          <div class=\"bwg-item1 \">            <div class=\"bwg-item2\">              <img class=\"skip-lazy bwg_standart_thumb_img_0 \"                   data-id=\"224\"                   data-width=\"\"                   data-height=\"\"                   data-src=\"https:\/\/www.ullageiges.de\/wp-content\/uploads\/photo-gallery\/thumb\/oster2012_01.jpg\"                   src=\"https:\/\/www.ullageiges.de\/wp-content\/uploads\/photo-gallery\/thumb\/oster2012_01.jpg\"                   alt=\"oster2012_01 \" \/>            <\/div>            <div class=\"\">                                                      <\/div>          <\/div>        <\/div>                        <\/a>              <\/div>            <div class=\"bwg-item\">        <a class=\"bwg-a \"  data-elementor-open-lightbox=\"no\" >                <div class=\"bwg-item0 \">          <div class=\"bwg-item1 \">            <div class=\"bwg-item2\">              <img class=\"skip-lazy bwg_standart_thumb_img_0 \"                   data-id=\"225\"                   data-width=\"\"                   data-height=\"\"                   data-src=\"https:\/\/www.ullageiges.de\/wp-content\/uploads\/photo-gallery\/thumb\/oster2012_02.jpg\"                   src=\"https:\/\/www.ullageiges.de\/wp-content\/uploads\/photo-gallery\/thumb\/oster2012_02.jpg\"                   alt=\"oster2012_02 \" \/>            <\/div>            <div class=\"\">                                                      <\/div>          <\/div>        <\/div>                        <\/a>              <\/div>            <div class=\"bwg-item\">        <a class=\"bwg-a \"  data-elementor-open-lightbox=\"no\" >                <div class=\"bwg-item0 \">          <div class=\"bwg-item1 \">            <div class=\"bwg-item2\">              <img class=\"skip-lazy bwg_standart_thumb_img_0 \"                   data-id=\"226\"                   data-width=\"\"                   data-height=\"\"                   data-src=\"https:\/\/www.ullageiges.de\/wp-content\/uploads\/photo-gallery\/thumb\/oster2012_03.jpg\"                   src=\"https:\/\/www.ullageiges.de\/wp-content\/uploads\/photo-gallery\/thumb\/oster2012_03.jpg\"                   alt=\"oster2012_03 \" \/>            <\/div>            <div class=\"\">                                                      <\/div>          <\/div>        <\/div>                        <\/a>              <\/div>            <div class=\"bwg-item\">        <a class=\"bwg-a \"  data-elementor-open-lightbox=\"no\" >                <div class=\"bwg-item0 \">          <div class=\"bwg-item1 \">            <div class=\"bwg-item2\">              <img class=\"skip-lazy bwg_standart_thumb_img_0 \"                   data-id=\"227\"                   data-width=\"\"                   data-height=\"\"                   data-src=\"https:\/\/www.ullageiges.de\/wp-content\/uploads\/photo-gallery\/thumb\/oster2012_04.jpg\"                   src=\"https:\/\/www.ullageiges.de\/wp-content\/uploads\/photo-gallery\/thumb\/oster2012_04.jpg\"                   alt=\"oster2012_04 \" \/>            <\/div>            <div class=\"\">                                                      <\/div>          <\/div>        <\/div>                        <\/a>              <\/div>            <div class=\"bwg-item\">        <a class=\"bwg-a \"  data-elementor-open-lightbox=\"no\" >                <div class=\"bwg-item0 \">          <div class=\"bwg-item1 \">            <div class=\"bwg-item2\">              <img class=\"skip-lazy bwg_standart_thumb_img_0 \"                   data-id=\"228\"                   data-width=\"\"                   data-height=\"\"                   data-src=\"https:\/\/www.ullageiges.de\/wp-content\/uploads\/photo-gallery\/thumb\/oster2012_05.jpg\"                   src=\"https:\/\/www.ullageiges.de\/wp-content\/uploads\/photo-gallery\/thumb\/oster2012_05.jpg\"                   alt=\"oster2012_05 \" \/>            <\/div>            <div class=\"\">                                                      <\/div>          <\/div>        <\/div>                        <\/a>              <\/div>            <div class=\"bwg-item\">        <a class=\"bwg-a \"  data-elementor-open-lightbox=\"no\" >                <div class=\"bwg-item0 \">          <div class=\"bwg-item1 \">            <div class=\"bwg-item2\">              <img class=\"skip-lazy bwg_standart_thumb_img_0 \"                   data-id=\"229\"                   data-width=\"\"                   data-height=\"\"                   data-src=\"https:\/\/www.ullageiges.de\/wp-content\/uploads\/photo-gallery\/thumb\/oster2012_06.jpg\"                   src=\"https:\/\/www.ullageiges.de\/wp-content\/uploads\/photo-gallery\/thumb\/oster2012_06.jpg\"                   alt=\"oster2012_06 \" \/>            <\/div>            <div class=\"\">                                                      <\/div>          <\/div>        <\/div>                        <\/a>              <\/div>            <div class=\"bwg-item\">        <a class=\"bwg-a \"  data-elementor-open-lightbox=\"no\" >                <div class=\"bwg-item0 \">          <div class=\"bwg-item1 \">            <div class=\"bwg-item2\">              <img class=\"skip-lazy bwg_standart_thumb_img_0 \"                   data-id=\"230\"                   data-width=\"\"                   data-height=\"\"                   data-src=\"https:\/\/www.ullageiges.de\/wp-content\/uploads\/photo-gallery\/thumb\/oster2012_07.jpg\"                   src=\"https:\/\/www.ullageiges.de\/wp-content\/uploads\/photo-gallery\/thumb\/oster2012_07.jpg\"                   alt=\"oster2012_07 \" \/>            <\/div>            <div class=\"\">                                                      <\/div>          <\/div>        <\/div>                        <\/a>              <\/div>            <div class=\"bwg-item\">        <a class=\"bwg-a \"  data-elementor-open-lightbox=\"no\" >                <div class=\"bwg-item0 \">          <div class=\"bwg-item1 \">            <div class=\"bwg-item2\">              <img class=\"skip-lazy bwg_standart_thumb_img_0 \"                   data-id=\"231\"                   data-width=\"\"                   data-height=\"\"                   data-src=\"https:\/\/www.ullageiges.de\/wp-content\/uploads\/photo-gallery\/thumb\/oster2012_08.jpg\"                   src=\"https:\/\/www.ullageiges.de\/wp-content\/uploads\/photo-gallery\/thumb\/oster2012_08.jpg\"                   alt=\"oster2012_08 \" \/>            <\/div>            <div class=\"\">                                                      <\/div>          <\/div>        <\/div>                        <\/a>              <\/div>            <div class=\"bwg-item\">        <a class=\"bwg-a \"  data-elementor-open-lightbox=\"no\" >                <div class=\"bwg-item0 \">          <div class=\"bwg-item1 \">            <div class=\"bwg-item2\">              <img class=\"skip-lazy bwg_standart_thumb_img_0 \"                   data-id=\"232\"                   data-width=\"\"                   data-height=\"\"                   data-src=\"https:\/\/www.ullageiges.de\/wp-content\/uploads\/photo-gallery\/thumb\/oster2012_09.jpg\"                   src=\"https:\/\/www.ullageiges.de\/wp-content\/uploads\/photo-gallery\/thumb\/oster2012_09.jpg\"                   alt=\"oster2012_09 \" \/>            <\/div>            <div class=\"\">                                                      <\/div>          <\/div>        <\/div>                        <\/a>              <\/div>            <div class=\"bwg-item\">        <a class=\"bwg-a \"  data-elementor-open-lightbox=\"no\" >                <div class=\"bwg-item0 \">          <div class=\"bwg-item1 \">            <div class=\"bwg-item2\">              <img class=\"skip-lazy bwg_standart_thumb_img_0 \"                   data-id=\"233\"                   data-width=\"\"                   data-height=\"\"                   data-src=\"https:\/\/www.ullageiges.de\/wp-content\/uploads\/photo-gallery\/thumb\/oster2012_10.jpg\"                   src=\"https:\/\/www.ullageiges.de\/wp-content\/uploads\/photo-gallery\/thumb\/oster2012_10.jpg\"                   alt=\"oster2012_10 \" \/>            <\/div>            <div class=\"\">                                                      <\/div>          <\/div>        <\/div>                        <\/a>              <\/div>            <div class=\"bwg-item\">        <a class=\"bwg-a \"  data-elementor-open-lightbox=\"no\" >                <div class=\"bwg-item0 \">          <div class=\"bwg-item1 \">            <div class=\"bwg-item2\">              <img class=\"skip-lazy bwg_standart_thumb_img_0 \"                   data-id=\"234\"                   data-width=\"\"                   data-height=\"\"                   data-src=\"https:\/\/www.ullageiges.de\/wp-content\/uploads\/photo-gallery\/thumb\/oster2012_11.jpg\"                   src=\"https:\/\/www.ullageiges.de\/wp-content\/uploads\/photo-gallery\/thumb\/oster2012_11.jpg\"                   alt=\"oster2012_11 \" \/>            <\/div>            <div class=\"\">                                                      <\/div>          <\/div>        <\/div>                        <\/a>              <\/div>            <div class=\"bwg-item\">        <a class=\"bwg-a \"  data-elementor-open-lightbox=\"no\" >                <div class=\"bwg-item0 \">          <div class=\"bwg-item1 \">            <div class=\"bwg-item2\">              <img class=\"skip-lazy bwg_standart_thumb_img_0 \"                   data-id=\"235\"                   data-width=\"\"                   data-height=\"\"                   data-src=\"https:\/\/www.ullageiges.de\/wp-content\/uploads\/photo-gallery\/thumb\/oster2012_12.jpg\"                   src=\"https:\/\/www.ullageiges.de\/wp-content\/uploads\/photo-gallery\/thumb\/oster2012_12.jpg\"                   alt=\"oster2012_12 \" \/>            <\/div>            <div class=\"\">                                                      <\/div>          <\/div>        <\/div>                        <\/a>              <\/div>            <div class=\"bwg-item\">        <a class=\"bwg-a \"  data-elementor-open-lightbox=\"no\" >                <div class=\"bwg-item0 \">          <div class=\"bwg-item1 \">            <div class=\"bwg-item2\">              <img class=\"skip-lazy bwg_standart_thumb_img_0 \"                   data-id=\"236\"                   data-width=\"\"                   data-height=\"\"                   data-src=\"https:\/\/www.ullageiges.de\/wp-content\/uploads\/photo-gallery\/thumb\/oster2012_13.jpg\"                   src=\"https:\/\/www.ullageiges.de\/wp-content\/uploads\/photo-gallery\/thumb\/oster2012_13.jpg\"                   alt=\"oster2012_13 \" \/>            <\/div>            <div class=\"\">                                                      <\/div>          <\/div>        <\/div>                        <\/a>              <\/div>            <div class=\"bwg-item\">        <a class=\"bwg-a \"  data-elementor-open-lightbox=\"no\" >                <div class=\"bwg-item0 \">          <div class=\"bwg-item1 \">            <div class=\"bwg-item2\">              <img class=\"skip-lazy bwg_standart_thumb_img_0 \"                   data-id=\"237\"                   data-width=\"\"                   data-height=\"\"                   data-src=\"https:\/\/www.ullageiges.de\/wp-content\/uploads\/photo-gallery\/thumb\/oster2012_14.jpg\"                   src=\"https:\/\/www.ullageiges.de\/wp-content\/uploads\/photo-gallery\/thumb\/oster2012_14.jpg\"                   alt=\"oster2012_14 \" \/>            <\/div>            <div class=\"\">                                                      <\/div>          <\/div>        <\/div>                        <\/a>              <\/div>            <div class=\"bwg-item\">        <a class=\"bwg-a \"  data-elementor-open-lightbox=\"no\" >                <div class=\"bwg-item0 \">          <div class=\"bwg-item1 \">            <div class=\"bwg-item2\">              <img class=\"skip-lazy bwg_standart_thumb_img_0 \"                   data-id=\"238\"                   data-width=\"\"                   data-height=\"\"                   data-src=\"https:\/\/www.ullageiges.de\/wp-content\/uploads\/photo-gallery\/thumb\/oster2012_15.jpg\"                   src=\"https:\/\/www.ullageiges.de\/wp-content\/uploads\/photo-gallery\/thumb\/oster2012_15.jpg\"                   alt=\"oster2012_15 \" \/>            <\/div>            <div class=\"\">                                                      <\/div>          <\/div>        <\/div>                        <\/a>              <\/div>            <div class=\"bwg-item\">        <a class=\"bwg-a \"  data-elementor-open-lightbox=\"no\" >                <div class=\"bwg-item0 \">          <div class=\"bwg-item1 \">            <div class=\"bwg-item2\">              <img class=\"skip-lazy bwg_standart_thumb_img_0 \"                   data-id=\"239\"                   data-width=\"\"                   data-height=\"\"                   data-src=\"https:\/\/www.ullageiges.de\/wp-content\/uploads\/photo-gallery\/thumb\/oster2012_16.jpg\"                   src=\"https:\/\/www.ullageiges.de\/wp-content\/uploads\/photo-gallery\/thumb\/oster2012_16.jpg\"                   alt=\"oster2012_16 \" \/>            <\/div>            <div class=\"\">                                                      <\/div>          <\/div>        <\/div>                        <\/a>              <\/div>            <div class=\"bwg-item\">        <a class=\"bwg-a \"  data-elementor-open-lightbox=\"no\" >                <div class=\"bwg-item0 \">          <div class=\"bwg-item1 \">            <div class=\"bwg-item2\">              <img class=\"skip-lazy bwg_standart_thumb_img_0 \"                   data-id=\"240\"                   data-width=\"\"                   data-height=\"\"                   data-src=\"https:\/\/www.ullageiges.de\/wp-content\/uploads\/photo-gallery\/thumb\/oster2012_17.jpg\"                   src=\"https:\/\/www.ullageiges.de\/wp-content\/uploads\/photo-gallery\/thumb\/oster2012_17.jpg\"                   alt=\"oster2012_17 \" \/>            <\/div>            <div class=\"\">                                                      <\/div>          <\/div>        <\/div>                        <\/a>              <\/div>            <div class=\"bwg-item\">        <a class=\"bwg-a \"  data-elementor-open-lightbox=\"no\" >                <div class=\"bwg-item0 \">          <div class=\"bwg-item1 \">            <div class=\"bwg-item2\">              <img class=\"skip-lazy bwg_standart_thumb_img_0 \"                   data-id=\"241\"                   data-width=\"\"                   data-height=\"\"                   data-src=\"https:\/\/www.ullageiges.de\/wp-content\/uploads\/photo-gallery\/thumb\/oster2012_18.jpg\"                   src=\"https:\/\/www.ullageiges.de\/wp-content\/uploads\/photo-gallery\/thumb\/oster2012_18.jpg\"                   alt=\"oster2012_18 \" \/>            <\/div>            <div class=\"\">                                                      <\/div>          <\/div>        <\/div>                        <\/a>              <\/div>            <div class=\"bwg-item\">        <a class=\"bwg-a \"  data-elementor-open-lightbox=\"no\" >                <div class=\"bwg-item0 \">          <div class=\"bwg-item1 \">            <div class=\"bwg-item2\">              <img class=\"skip-lazy bwg_standart_thumb_img_0 \"                   data-id=\"242\"                   data-width=\"\"                   data-height=\"\"                   data-src=\"https:\/\/www.ullageiges.de\/wp-content\/uploads\/photo-gallery\/thumb\/oster2012_19.jpg\"                   src=\"https:\/\/www.ullageiges.de\/wp-content\/uploads\/photo-gallery\/thumb\/oster2012_19.jpg\"                   alt=\"oster2012_19 \" \/>            <\/div>            <div class=\"\">                                                      <\/div>          <\/div>        <\/div>                        <\/a>              <\/div>            <div class=\"bwg-item\">        <a class=\"bwg-a \"  data-elementor-open-lightbox=\"no\" >                <div class=\"bwg-item0 \">          <div class=\"bwg-item1 \">            <div class=\"bwg-item2\">              <img class=\"skip-lazy bwg_standart_thumb_img_0 \"                   data-id=\"243\"                   data-width=\"\"                   data-height=\"\"                   data-src=\"https:\/\/www.ullageiges.de\/wp-content\/uploads\/photo-gallery\/thumb\/oster2012_20.jpg\"                   src=\"https:\/\/www.ullageiges.de\/wp-content\/uploads\/photo-gallery\/thumb\/oster2012_20.jpg\"                   alt=\"oster2012_20 \" \/>            <\/div>            <div class=\"\">                                                      <\/div>          <\/div>        <\/div>                        <\/a>              <\/div>          <\/div>              <\/div>        <\/form>                <\/div>    <\/div>    <script>      if (document.readyState === 'complete') {        if( typeof bwg_main_ready == 'function' ) {          if ( jQuery(\"#bwg_container1_0\").height() ) {            bwg_main_ready(jQuery(\"#bwg_container1_0\"));          }        }      } else {        document.addEventListener('DOMContentLoaded', function() {          if( typeof bwg_main_ready == 'function' ) {            if ( jQuery(\"#bwg_container1_0\").height() ) {             bwg_main_ready(jQuery(\"#bwg_container1_0\"));            }          }        });      }    <\/script>    \n<\/div>\n<div><span style=\"font-size: 8pt;\">Fotos: Ursula Kaufmann<\/span><\/div>\n","protected":false},"excerpt":{"rendered":"<p>tanzhaus nrw 2012 Tanztreff, Trainingslager, Ort k\u00fcnstlerischen Austauschs&#8230;u.v.m. bietet die Oster-Akademie jungen tanzbegeisterten Menschen aus NRW. In Kursen wie YahumaBodyRolling k\u00f6nnen die Jugendlichen zun\u00e4chst spielerisch anatomische Zusammenh\u00e4nge ihres K\u00f6rpers entdecken. Sie lernen, ihren K\u00f6rper bewu\u00dft einzusetzen, unabh\u00e4ngig von jeglicher Tanzart auf Achsen und Linien zu achten. Auch durch den bewu\u00dften Einsatz unterschiedlicher Dynamiken helfen sie &hellip; <a href=\"https:\/\/www.ullageiges.de\/?page_id=119\" class=\"more-link\"><span class=\"screen-reader-text\">Osterakademie 2012<\/span> weiterlesen <span class=\"meta-nav\">&rarr;<\/span><\/a><\/p>\n","protected":false},"author":1,"featured_media":0,"parent":30,"menu_order":0,"comment_status":"closed","ping_status":"closed","template":"","meta":{"_links_to":"","_links_to_target":""},"_links":{"self":[{"href":"https:\/\/www.ullageiges.de\/index.php?rest_route=\/wp\/v2\/pages\/119"}],"collection":[{"href":"https:\/\/www.ullageiges.de\/index.php?rest_route=\/wp\/v2\/pages"}],"about":[{"href":"https:\/\/www.ullageiges.de\/index.php?rest_route=\/wp\/v2\/types\/page"}],"author":[{"embeddable":true,"href":"https:\/\/www.ullageiges.de\/index.php?rest_route=\/wp\/v2\/users\/1"}],"replies":[{"embeddable":true,"href":"https:\/\/www.ullageiges.de\/index.php?rest_route=%2Fwp%2Fv2%2Fcomments&post=119"}],"version-history":[{"count":0,"href":"https:\/\/www.ullageiges.de\/index.php?rest_route=\/wp\/v2\/pages\/119\/revisions"}],"up":[{"embeddable":true,"href":"https:\/\/www.ullageiges.de\/index.php?rest_route=\/wp\/v2\/pages\/30"}],"wp:attachment":[{"href":"https:\/\/www.ullageiges.de\/index.php?rest_route=%2Fwp%2Fv2%2Fmedia&parent=119"}],"curies":[{"name":"wp","href":"https:\/\/api.w.org\/{rel}","templated":true}]}}