{"id":30,"date":"2015-07-20T11:59:27","date_gmt":"2015-07-20T09:59:27","guid":{"rendered":"http:\/\/www.ullageiges.com\/new\/?page_id=30"},"modified":"2018-03-16T17:37:25","modified_gmt":"2018-03-16T16:37:25","slug":"projekte","status":"publish","type":"page","link":"https:\/\/www.ullageiges.de\/?page_id=30","title":{"rendered":"Projekte"},"content":{"rendered":"<p>Neben ihrer T\u00e4tigkeit als Choreographin und P\u00e4dagogin organisiert Ulla Geiges regelm\u00e4\u00dfig Tanzveranstaltungen, die einen Austausch junger Tanzstudierender mit Kollegen aus dem In- und Ausland, mit jungen Choreographen und mit dem Publikum anregen sollen.<br \/>\nDurch diese Projekte vernetzen sich nicht nur Jugendkompanien aus ganz Europa, sie erm\u00f6glichen Nachwuchst\u00e4nzern auch Einblicke in unterschiedliche Tanzstile und Strukturen, und sie tragen zu einem spannenden internationalen Austausch von P\u00e4dagogen bei.<\/p>\n<p><img loading=\"lazy\" class=\"alignnone wp-image-339 size-full\" src=\"https:\/\/www.ullageiges.de\/wp-content\/uploads\/2015\/07\/image_projekte1.jpg\" alt=\"\" width=\"600\" height=\"405\" srcset=\"https:\/\/www.ullageiges.de\/wp-content\/uploads\/2015\/07\/image_projekte1.jpg 600w, https:\/\/www.ullageiges.de\/wp-content\/uploads\/2015\/07\/image_projekte1-300x203.jpg 300w\" sizes=\"(max-width: 600px) 100vw, 600px\" \/><\/p>\n","protected":false},"excerpt":{"rendered":"<p>Neben ihrer T\u00e4tigkeit als Choreographin und P\u00e4dagogin organisiert Ulla Geiges regelm\u00e4\u00dfig Tanzveranstaltungen, die einen Austausch junger Tanzstudierender mit Kollegen aus dem In- und Ausland, mit jungen Choreographen und mit dem Publikum anregen sollen. Durch diese Projekte vernetzen sich nicht nur Jugendkompanien aus ganz Europa, sie erm\u00f6glichen Nachwuchst\u00e4nzern auch Einblicke in unterschiedliche Tanzstile und Strukturen, und &hellip; <a href=\"https:\/\/www.ullageiges.de\/?page_id=30\" class=\"more-link\"><span class=\"screen-reader-text\">Projekte<\/span> weiterlesen <span class=\"meta-nav\">&rarr;<\/span><\/a><\/p>\n","protected":false},"author":1,"featured_media":0,"parent":0,"menu_order":2,"comment_status":"closed","ping_status":"closed","template":"","meta":{"_links_to":"","_links_to_target":""},"_links":{"self":[{"href":"https:\/\/www.ullageiges.de\/index.php?rest_route=\/wp\/v2\/pages\/30"}],"collection":[{"href":"https:\/\/www.ullageiges.de\/index.php?rest_route=\/wp\/v2\/pages"}],"about":[{"href":"https:\/\/www.ullageiges.de\/index.php?rest_route=\/wp\/v2\/types\/page"}],"author":[{"embeddable":true,"href":"https:\/\/www.ullageiges.de\/index.php?rest_route=\/wp\/v2\/users\/1"}],"replies":[{"embeddable":true,"href":"https:\/\/www.ullageiges.de\/index.php?rest_route=%2Fwp%2Fv2%2Fcomments&post=30"}],"version-history":[{"count":0,"href":"https:\/\/www.ullageiges.de\/index.php?rest_route=\/wp\/v2\/pages\/30\/revisions"}],"wp:attachment":[{"href":"https:\/\/www.ullageiges.de\/index.php?rest_route=%2Fwp%2Fv2%2Fmedia&parent=30"}],"curies":[{"name":"wp","href":"https:\/\/api.w.org\/{rel}","templated":true}]}}