{"id":446,"date":"2015-07-24T11:47:07","date_gmt":"2015-07-24T09:47:07","guid":{"rendered":"http:\/\/www.ullageiges.com\/new\/?page_id=446"},"modified":"2018-03-16T18:26:06","modified_gmt":"2018-03-16T17:26:06","slug":"workshops","status":"publish","type":"page","link":"https:\/\/www.ullageiges.de\/?page_id=446","title":{"rendered":"Workshops"},"content":{"rendered":"<p>Neben Workshops in Zeitgen\u00f6ssischem Tanz und Choreographie bietet Ulla Geiges vermehrt<br \/>\nauch Workshops zum Thema Kindertanz und Tanz in Schulen an.<br \/>\nAu\u00dferdem coacht sie angehende T\u00e4nzer in Bewegungsqualit\u00e4t und Ausdruck und entwickelt<br \/>\nf\u00fcr Sportler und Musiker u.v.m. ein individuelles K\u00f6rperbewu\u00dftseins- und Bewegungstraining<br \/>\nzur Pr\u00e4vention von Haltungssch\u00e4den.\u00a0Alle Workshops sind individuell buchbar.<\/p>\n<p><img loading=\"lazy\" class=\"wp-image-955 alignnone\" src=\"https:\/\/www.ullageiges.de\/wp-content\/uploads\/2018\/02\/workshops_1-300x224.jpg\" alt=\"\" width=\"600\" height=\"449\" srcset=\"https:\/\/www.ullageiges.de\/wp-content\/uploads\/2018\/02\/workshops_1-300x224.jpg 300w, https:\/\/www.ullageiges.de\/wp-content\/uploads\/2018\/02\/workshops_1-768x574.jpg 768w, https:\/\/www.ullageiges.de\/wp-content\/uploads\/2018\/02\/workshops_1.jpg 800w\" sizes=\"(max-width: 600px) 100vw, 600px\" \/><\/p>\n","protected":false},"excerpt":{"rendered":"<p>Neben Workshops in Zeitgen\u00f6ssischem Tanz und Choreographie bietet Ulla Geiges vermehrt auch Workshops zum Thema Kindertanz und Tanz in Schulen an. Au\u00dferdem coacht sie angehende T\u00e4nzer in Bewegungsqualit\u00e4t und Ausdruck und entwickelt f\u00fcr Sportler und Musiker u.v.m. ein individuelles K\u00f6rperbewu\u00dftseins- und Bewegungstraining zur Pr\u00e4vention von Haltungssch\u00e4den.\u00a0Alle Workshops sind individuell buchbar.<\/p>\n","protected":false},"author":1,"featured_media":0,"parent":0,"menu_order":0,"comment_status":"closed","ping_status":"closed","template":"","meta":{"_links_to":"","_links_to_target":""},"_links":{"self":[{"href":"https:\/\/www.ullageiges.de\/index.php?rest_route=\/wp\/v2\/pages\/446"}],"collection":[{"href":"https:\/\/www.ullageiges.de\/index.php?rest_route=\/wp\/v2\/pages"}],"about":[{"href":"https:\/\/www.ullageiges.de\/index.php?rest_route=\/wp\/v2\/types\/page"}],"author":[{"embeddable":true,"href":"https:\/\/www.ullageiges.de\/index.php?rest_route=\/wp\/v2\/users\/1"}],"replies":[{"embeddable":true,"href":"https:\/\/www.ullageiges.de\/index.php?rest_route=%2Fwp%2Fv2%2Fcomments&post=446"}],"version-history":[{"count":0,"href":"https:\/\/www.ullageiges.de\/index.php?rest_route=\/wp\/v2\/pages\/446\/revisions"}],"wp:attachment":[{"href":"https:\/\/www.ullageiges.de\/index.php?rest_route=%2Fwp%2Fv2%2Fmedia&parent=446"}],"curies":[{"name":"wp","href":"https:\/\/api.w.org\/{rel}","templated":true}]}}