{"id":454,"date":"2015-07-24T12:04:49","date_gmt":"2015-07-24T10:04:49","guid":{"rendered":"http:\/\/www.ullageiges.com\/new\/?page_id=454"},"modified":"2018-03-16T18:11:15","modified_gmt":"2018-03-16T17:11:15","slug":"rituale","status":"publish","type":"page","link":"https:\/\/www.ullageiges.de\/?page_id=454","title":{"rendered":"Rituale    <span style='color:#5a3923;font-size:16px;'>(2006)<\/span>"},"content":{"rendered":"<p>drei Tanzst\u00fccke<br \/>\nvon <strong>Mex Wahab<\/strong> (Indonesien), <strong>Maya Sakamoto<\/strong> (Japan) und <strong>Ulla Geiges<\/strong><br \/>\nMotiviert durch Fragen nach dem Ritual als Orientierungshilfe, Mittel der Geborgenheit und Transzendenz, besch\u00e4ftigen sich<br \/>\ndie T\u00e4nzerInnen Leo Brauckmann, Valerie Felix, Aur\u00e9lie Haus, Jacques Holter, Caterina Mascia, Sarah Plattes, Britta Schmitz, Frederic Thywissen, Caspar und Mathis Wagenbach mit Verhaltensweisen unterschiedlichster Kulturen.<\/p>\n<p><strong>B\u00fchne<\/strong>: Guido Panreck, Tobias Heide, Manfred N\u00fccken<br \/>\n<strong>K\u00fcnstlerische Leitung<\/strong>: Ulla Geiges<br \/>\nEine Produktion des tanzhaus nrw<\/p>\n<div id=\"chor_gal\">\n<style id=\"bwg-style-0\">    #bwg_container1_0 #bwg_container2_0 .bwg-container-0.bwg-standard-thumbnails {      width: 504px;              justify-content: center;        margin:0 auto !important;              background-color: rgba(255, 255, 255, 0.00);            padding-left: 4px;      padding-top: 4px;      max-width: 100%;            }        #bwg_container1_0 #bwg_container2_0 .bwg-container-0.bwg-standard-thumbnails .bwg-item {      justify-content: flex-start;      max-width: 125px;          }    #bwg_container1_0 #bwg_container2_0 .bwg-container-0.bwg-standard-thumbnails .bwg-item > a {       margin-right: 4px;       margin-bottom: 4px;    }    #bwg_container1_0 #bwg_container2_0 .bwg-container-0.bwg-standard-thumbnails .bwg-item0 {      padding: 0px;            background-color:rgba(255,255,255, 0.30);      border: 0px none #CCCCCC;      opacity: 1.00;      border-radius: 0;      box-shadow: 0px 0px 0px #888888;    }    #bwg_container1_0 #bwg_container2_0 .bwg-container-0.bwg-standard-thumbnails .bwg-item1 img {      max-height: none;      max-width: none;      padding: 0 !important;    }        @media only screen and (min-width: 480px) {      #bwg_container1_0 #bwg_container2_0 .bwg-container-0.bwg-standard-thumbnails .bwg-item0 {        transition: all 0.3s ease 0s;-webkit-transition: all 0.3s ease 0s;      }      #bwg_container1_0 #bwg_container2_0 .bwg-container-0.bwg-standard-thumbnails .bwg-item0:hover {        -ms-transform: scale(1.1);        -webkit-transform: scale(1.1);        transform: scale(1.1);      }    }          #bwg_container1_0 #bwg_container2_0 .bwg-container-0.bwg-standard-thumbnails .bwg-item1 {      padding-top: 100%;    }        #bwg_container1_0 #bwg_container2_0 .bwg-container-0.bwg-standard-thumbnails .bwg-title2,    #bwg_container1_0 #bwg_container2_0 .bwg-container-0.bwg-standard-thumbnails .bwg-ecommerce2 {      color: #CCCCCC;      font-family: segoe ui;      font-size: 16px;      font-weight: bold;      padding: 2px;      text-shadow: 0px 0px 0px #888888;      max-height: 100%;    }    #bwg_container1_0 #bwg_container2_0 .bwg-container-0.bwg-standard-thumbnails .bwg-thumb-description span {    color: #323A45;    font-family: Ubuntu;    font-size: 12px;    max-height: 100%;    word-wrap: break-word;    }    #bwg_container1_0 #bwg_container2_0 .bwg-container-0.bwg-standard-thumbnails .bwg-play-icon2 {      font-size: 32px;    }    #bwg_container1_0 #bwg_container2_0 .bwg-container-0.bwg-standard-thumbnails .bwg-ecommerce2 {      font-size: 19.2px;      color: #CCCCCC;    }    <\/style>    <div id=\"bwg_container1_0\"         class=\"bwg_container bwg_thumbnail bwg_thumbnails\"         data-right-click-protection=\"0\"         data-bwg=\"0\"         data-gallery-type=\"thumbnails\"         data-current-url=\"https:\/\/www.ullageiges.de\/index.php?rest_route=%2Fwp%2Fv2%2Fpages%2F454\"         data-lightbox-url=\"https:\/\/www.ullageiges.de\/wp-admin\/admin-ajax.php?action=GalleryBox&#038;current_view=0&#038;gallery_id=8&#038;tag=0&#038;theme_id=1&#038;shortcode_id=8&#038;sort_by=order&#038;order_by=desc&#038;current_url=https%3A%2F%2Fwww.ullageiges.de%2Findex.php%3Frest_route%3D%252Fwp%252Fv2%252Fpages%252F454\"         data-gallery-id=\"8\"         data-popup-width=\"640\"         data-popup-height=\"430\"         data-is-album=\"gallery\"         data-buttons-position=\"bottom\">      <div id=\"bwg_container2_0\">             <div id=\"ajax_loading_0\" class=\"bwg_loading_div_1\">      <div class=\"bwg_loading_div_2\">        <div class=\"bwg_loading_div_3\">          <div id=\"loading_div_0\" class=\"bwg_spider_ajax_loading\">          <\/div>        <\/div>      <\/div>    <\/div>            <form id=\"gal_front_form_0\"              class=\"bwg-hidden\"              method=\"post\"              action=\"#\"              data-current=\"0\"              data-shortcode-id=\"8\"              data-gallery-type=\"thumbnails\"              data-gallery-id=\"8\"              data-tag=\"0\"              data-album-id=\"0\"              data-theme-id=\"1\"              data-ajax-url=\"https:\/\/www.ullageiges.de\/wp-admin\/admin-ajax.php?action=bwg_frontend_data\">          <div id=\"bwg_container3_0\" class=\"bwg-background bwg-background-0\">                <div data-max-count=\"4\"         data-thumbnail-width=\"125\"         data-bwg=\"0\"         data-gallery-id=\"8\"         data-lightbox-url=\"https:\/\/www.ullageiges.de\/wp-admin\/admin-ajax.php?action=GalleryBox&amp;current_view=0&amp;gallery_id=8&amp;tag=0&amp;theme_id=1&amp;shortcode_id=8&amp;sort_by=order&amp;order_by=desc&amp;current_url=https%3A%2F%2Fwww.ullageiges.de%2Findex.php%3Frest_route%3D%252Fwp%252Fv2%252Fpages%252F454\"         id=\"bwg_thumbnails_0\"         class=\"bwg-container-0 bwg-thumbnails bwg-standard-thumbnails bwg-container bwg-border-box\">            <div class=\"bwg-item\">        <a class=\"bwg-a \"  data-elementor-open-lightbox=\"no\" >                <div class=\"bwg-item0 \">          <div class=\"bwg-item1 \">            <div class=\"bwg-item2\">              <img class=\"skip-lazy bwg_standart_thumb_img_0 \"                   data-id=\"89\"                   data-width=\"\"                   data-height=\"\"                   data-src=\"https:\/\/www.ullageiges.de\/wp-content\/uploads\/photo-gallery\/thumb\/Riten%2001.jpg\"                   src=\"https:\/\/www.ullageiges.de\/wp-content\/uploads\/photo-gallery\/thumb\/Riten%2001.jpg\"                   alt=\"Riten 01 \" \/>            <\/div>            <div class=\"\">                                                      <\/div>          <\/div>        <\/div>                        <\/a>              <\/div>            <div class=\"bwg-item\">        <a class=\"bwg-a \"  data-elementor-open-lightbox=\"no\" >                <div class=\"bwg-item0 \">          <div class=\"bwg-item1 \">            <div class=\"bwg-item2\">              <img class=\"skip-lazy bwg_standart_thumb_img_0 \"                   data-id=\"90\"                   data-width=\"\"                   data-height=\"\"                   data-src=\"https:\/\/www.ullageiges.de\/wp-content\/uploads\/photo-gallery\/thumb\/Riten%2002.jpg\"                   src=\"https:\/\/www.ullageiges.de\/wp-content\/uploads\/photo-gallery\/thumb\/Riten%2002.jpg\"                   alt=\"Riten 02 \" \/>            <\/div>            <div class=\"\">                                                      <\/div>          <\/div>        <\/div>                        <\/a>              <\/div>            <div class=\"bwg-item\">        <a class=\"bwg-a \"  data-elementor-open-lightbox=\"no\" >                <div class=\"bwg-item0 \">          <div class=\"bwg-item1 \">            <div class=\"bwg-item2\">              <img class=\"skip-lazy bwg_standart_thumb_img_0 \"                   data-id=\"91\"                   data-width=\"\"                   data-height=\"\"                   data-src=\"https:\/\/www.ullageiges.de\/wp-content\/uploads\/photo-gallery\/thumb\/Riten%2003.jpg\"                   src=\"https:\/\/www.ullageiges.de\/wp-content\/uploads\/photo-gallery\/thumb\/Riten%2003.jpg\"                   alt=\"Riten 03 \" \/>            <\/div>            <div class=\"\">                                                      <\/div>          <\/div>        <\/div>                        <\/a>              <\/div>            <div class=\"bwg-item\">        <a class=\"bwg-a \"  data-elementor-open-lightbox=\"no\" >                <div class=\"bwg-item0 \">          <div class=\"bwg-item1 \">            <div class=\"bwg-item2\">              <img class=\"skip-lazy bwg_standart_thumb_img_0 \"                   data-id=\"92\"                   data-width=\"\"                   data-height=\"\"                   data-src=\"https:\/\/www.ullageiges.de\/wp-content\/uploads\/photo-gallery\/thumb\/Riten%2004.jpg\"                   src=\"https:\/\/www.ullageiges.de\/wp-content\/uploads\/photo-gallery\/thumb\/Riten%2004.jpg\"                   alt=\"Riten 04 \" \/>            <\/div>            <div class=\"\">                                                      <\/div>          <\/div>        <\/div>                        <\/a>              <\/div>            <div class=\"bwg-item\">        <a class=\"bwg-a \"  data-elementor-open-lightbox=\"no\" >                <div class=\"bwg-item0 \">          <div class=\"bwg-item1 \">            <div class=\"bwg-item2\">              <img class=\"skip-lazy bwg_standart_thumb_img_0 \"                   data-id=\"93\"                   data-width=\"\"                   data-height=\"\"                   data-src=\"https:\/\/www.ullageiges.de\/wp-content\/uploads\/photo-gallery\/thumb\/Riten%2005.jpg\"                   src=\"https:\/\/www.ullageiges.de\/wp-content\/uploads\/photo-gallery\/thumb\/Riten%2005.jpg\"                   alt=\"Riten 05 \" \/>            <\/div>            <div class=\"\">                                                      <\/div>          <\/div>        <\/div>                        <\/a>              <\/div>            <div class=\"bwg-item\">        <a class=\"bwg-a \"  data-elementor-open-lightbox=\"no\" >                <div class=\"bwg-item0 \">          <div class=\"bwg-item1 \">            <div class=\"bwg-item2\">              <img class=\"skip-lazy bwg_standart_thumb_img_0 \"                   data-id=\"94\"                   data-width=\"\"                   data-height=\"\"                   data-src=\"https:\/\/www.ullageiges.de\/wp-content\/uploads\/photo-gallery\/thumb\/Riten%2006.jpg\"                   src=\"https:\/\/www.ullageiges.de\/wp-content\/uploads\/photo-gallery\/thumb\/Riten%2006.jpg\"                   alt=\"Riten 06 \" \/>            <\/div>            <div class=\"\">                                                      <\/div>          <\/div>        <\/div>                        <\/a>              <\/div>            <div class=\"bwg-item\">        <a class=\"bwg-a \"  data-elementor-open-lightbox=\"no\" >                <div class=\"bwg-item0 \">          <div class=\"bwg-item1 \">            <div class=\"bwg-item2\">              <img class=\"skip-lazy bwg_standart_thumb_img_0 \"                   data-id=\"95\"                   data-width=\"\"                   data-height=\"\"                   data-src=\"https:\/\/www.ullageiges.de\/wp-content\/uploads\/photo-gallery\/thumb\/Riten%2008.jpg\"                   src=\"https:\/\/www.ullageiges.de\/wp-content\/uploads\/photo-gallery\/thumb\/Riten%2008.jpg\"                   alt=\"Riten 08 \" \/>            <\/div>            <div class=\"\">                                                      <\/div>          <\/div>        <\/div>                        <\/a>              <\/div>            <div class=\"bwg-item\">        <a class=\"bwg-a \"  data-elementor-open-lightbox=\"no\" >                <div class=\"bwg-item0 \">          <div class=\"bwg-item1 \">            <div class=\"bwg-item2\">              <img class=\"skip-lazy bwg_standart_thumb_img_0 \"                   data-id=\"96\"                   data-width=\"\"                   data-height=\"\"                   data-src=\"https:\/\/www.ullageiges.de\/wp-content\/uploads\/photo-gallery\/thumb\/Riten%2009.jpg\"                   src=\"https:\/\/www.ullageiges.de\/wp-content\/uploads\/photo-gallery\/thumb\/Riten%2009.jpg\"                   alt=\"Riten 09 \" \/>            <\/div>            <div class=\"\">                                                      <\/div>          <\/div>        <\/div>                        <\/a>              <\/div>            <div class=\"bwg-item\">        <a class=\"bwg-a \"  data-elementor-open-lightbox=\"no\" >                <div class=\"bwg-item0 \">          <div class=\"bwg-item1 \">            <div class=\"bwg-item2\">              <img class=\"skip-lazy bwg_standart_thumb_img_0 \"                   data-id=\"97\"                   data-width=\"\"                   data-height=\"\"                   data-src=\"https:\/\/www.ullageiges.de\/wp-content\/uploads\/photo-gallery\/thumb\/Riten%20099.jpg\"                   src=\"https:\/\/www.ullageiges.de\/wp-content\/uploads\/photo-gallery\/thumb\/Riten%20099.jpg\"                   alt=\"Riten 099 \" \/>            <\/div>            <div class=\"\">                                                      <\/div>          <\/div>        <\/div>                        <\/a>              <\/div>            <div class=\"bwg-item\">        <a class=\"bwg-a \"  data-elementor-open-lightbox=\"no\" >                <div class=\"bwg-item0 \">          <div class=\"bwg-item1 \">            <div class=\"bwg-item2\">              <img class=\"skip-lazy bwg_standart_thumb_img_0 \"                   data-id=\"98\"                   data-width=\"\"                   data-height=\"\"                   data-src=\"https:\/\/www.ullageiges.de\/wp-content\/uploads\/photo-gallery\/thumb\/Riten%2010.jpg\"                   src=\"https:\/\/www.ullageiges.de\/wp-content\/uploads\/photo-gallery\/thumb\/Riten%2010.jpg\"                   alt=\"Riten 10 \" \/>            <\/div>            <div class=\"\">                                                      <\/div>          <\/div>        <\/div>                        <\/a>              <\/div>            <div class=\"bwg-item\">        <a class=\"bwg-a \"  data-elementor-open-lightbox=\"no\" >                <div class=\"bwg-item0 \">          <div class=\"bwg-item1 \">            <div class=\"bwg-item2\">              <img class=\"skip-lazy bwg_standart_thumb_img_0 \"                   data-id=\"99\"                   data-width=\"\"                   data-height=\"\"                   data-src=\"https:\/\/www.ullageiges.de\/wp-content\/uploads\/photo-gallery\/thumb\/Riten%2011.jpg\"                   src=\"https:\/\/www.ullageiges.de\/wp-content\/uploads\/photo-gallery\/thumb\/Riten%2011.jpg\"                   alt=\"Riten 11 \" \/>            <\/div>            <div class=\"\">                                                      <\/div>          <\/div>        <\/div>                        <\/a>              <\/div>            <div class=\"bwg-item\">        <a class=\"bwg-a \"  data-elementor-open-lightbox=\"no\" >                <div class=\"bwg-item0 \">          <div class=\"bwg-item1 \">            <div class=\"bwg-item2\">              <img class=\"skip-lazy bwg_standart_thumb_img_0 \"                   data-id=\"100\"                   data-width=\"\"                   data-height=\"\"                   data-src=\"https:\/\/www.ullageiges.de\/wp-content\/uploads\/photo-gallery\/thumb\/Riten%2012.jpg\"                   src=\"https:\/\/www.ullageiges.de\/wp-content\/uploads\/photo-gallery\/thumb\/Riten%2012.jpg\"                   alt=\"Riten 12 \" \/>            <\/div>            <div class=\"\">                                                      <\/div>          <\/div>        <\/div>                        <\/a>              <\/div>          <\/div>    <style>      \/*pagination styles*\/      #bwg_container1_0 #bwg_container2_0 .tablenav-pages_0 {\t\t\t\ttext-align: center;\t\t\t\tfont-size: 12px;\t\t\t\tfont-family: segoe ui;\t\t\t\tfont-weight: bold;\t\t\t\tcolor: #666666;\t\t\t\tmargin: 6px 0 4px;\t\t\t\tdisplay: block;      }      @media only screen and (max-width : 320px) {      #bwg_container1_0 #bwg_container2_0 .displaying-num_0 {     \t display: none;      }      }      #bwg_container1_0 #bwg_container2_0 .displaying-num_0 {\t\t\t\tfont-size: 12px;\t\t\t\tfont-family: segoe ui;\t\t\t\tfont-weight: bold;\t\t\t\tcolor: #666666;\t\t\t\tmargin-right: 10px;\t\t\t\tvertical-align: middle;      }      #bwg_container1_0 #bwg_container2_0 .paging-input_0 {\t\t\t\tfont-size: 12px;\t\t\t\tfont-family: segoe ui;\t\t\t\tfont-weight: bold;\t\t\t\tcolor: #666666;\t\t\t\tvertical-align: middle;      }      #bwg_container1_0 #bwg_container2_0 .tablenav-pages_0 a.disabled,      #bwg_container1_0 #bwg_container2_0 .tablenav-pages_0 a.disabled:hover,      #bwg_container1_0 #bwg_container2_0 .tablenav-pages_0 a.disabled:focus,\t\t\t#bwg_container1_0 #bwg_container2_0 .tablenav-pages_0 input.bwg_current_page {\t\t\t\tcursor: default;\t\t\t\tcolor: rgba(102, 102, 102, 0.5);      }      #bwg_container1_0 #bwg_container2_0 .tablenav-pages_0 a,      #bwg_container1_0 #bwg_container2_0 .tablenav-pages_0 input.bwg_current_page {\t\t\t\tcursor: pointer;\t\t\t\ttext-align: center;\t\t\t\tfont-size: 12px;\t\t\t\tfont-family: segoe ui;\t\t\t\tfont-weight: bold;\t\t\t\tcolor: #666666;\t\t\t\ttext-decoration: none;\t\t\t\tpadding: 3px 6px;\t\t\t\tmargin: 0;\t\t\t\tborder-radius: 0;\t\t\t\tborder-style: solid;\t\t\t\tborder-width: 1px;\t\t\t\tborder-color: #E3E3E3;\t\t\t\tbackground-color: #FFFFFF;\t\t\t\topacity: 1.00;\t\t\t\tbox-shadow: 0;\t\t\t\ttransition: all 0.3s ease 0s;-webkit-transition: all 0.3s ease 0s;      }      <\/style>      <span class=\"bwg_nav_cont_0\">              <div class=\"tablenav-pages_0\">                  <\/div>                <input type=\"hidden\" id=\"page_number_0\" name=\"page_number_0\" value=\"1\" \/>      <script type=\"text\/javascript\">        function spider_page_0(cur, x, y, load_more) {          if (typeof load_more == \"undefined\") {            var load_more = false;          }          if (jQuery(cur).hasClass('disabled')) {            return false;          }          var items_county_0 = 1;          switch (y) {            case 1:              if (x >= items_county_0) {                document.getElementById('page_number_0').value = items_county_0;              }              else {                document.getElementById('page_number_0').value = x + 1;              }              break;            case 2:              document.getElementById('page_number_0').value = items_county_0;              break;            case -1:              if (x == 1) {                document.getElementById('page_number_0').value = 1;              }              else {                document.getElementById('page_number_0').value = x - 1;              }              break;            case -2:              document.getElementById('page_number_0').value = 1;              break;\t\t\t\t\t\tcase 0:              document.getElementById('page_number_0').value = x;              break;            default:              document.getElementById('page_number_0').value = 1;          }          bwg_ajax('gal_front_form_0', '0', 'bwg_thumbnails_0', '0', '', 'gallery', 0, '', '', load_more, '', 1);        }                    jQuery('.first-page-0').on('click', function () {              spider_page_0(this, 1, -2, 'numeric');              return false;            });            jQuery('.prev-page-0').on('click', function () {              spider_page_0(this, 1, -1, 'numeric');              return false;            });            jQuery('.next-page-0').on('click', function () {              spider_page_0(this, 1, 1, 'numeric');              return false;            });            jQuery('.last-page-0').on('click', function () {              spider_page_0(this, 1, 2, 'numeric');              return false;            });        \t\t\t\t\/* Change page on input enter. *\/        function bwg_change_page_0( e, that ) {          if (  e.key == 'Enter' ) {            var to_page = parseInt(jQuery(that).val());            var pages_count = jQuery(that).parents(\".pagination-links\").data(\"pages-count\");            var current_url_param = jQuery(that).attr('data-url-info');            if (to_page > pages_count) {              to_page = 1;            }\t \t\t\t\t\t\t\t\t\t\t\t\tspider_page_0(this, to_page, 0, 'numeric');\t\t\t\t\t\t\treturn false;\t\t\t\t\t\t          }          return true;        }        jQuery('.bwg_load_btn_0').on('click', function () {            spider_page_0(this, 1, 1, true);            return false;        });      <\/script>      <\/span>                <\/div>        <\/form>                <\/div>    <\/div>    <script>      if (document.readyState === 'complete') {        if( typeof bwg_main_ready == 'function' ) {          if ( jQuery(\"#bwg_container1_0\").height() ) {            bwg_main_ready(jQuery(\"#bwg_container1_0\"));          }        }      } else {        document.addEventListener('DOMContentLoaded', function() {          if( typeof bwg_main_ready == 'function' ) {            if ( jQuery(\"#bwg_container1_0\").height() ) {             bwg_main_ready(jQuery(\"#bwg_container1_0\"));            }          }        });      }    <\/script>    \n<\/div>\n<p><span style=\"font-size: 8pt;\">Fotos: Ursula Kaufmann<\/span><\/p>\n<p>Kritik :<br \/>\n[<a href=\"https:\/\/www.ullageiges.de\/kritiken\/rituale_review.jpg\">Marion Meyer \/ Westdeutsche Zeitung<\/a>]<\/p>\n","protected":false},"excerpt":{"rendered":"<p>drei Tanzst\u00fccke von Mex Wahab (Indonesien), Maya Sakamoto (Japan) und Ulla Geiges Motiviert durch Fragen nach dem Ritual als Orientierungshilfe, Mittel der Geborgenheit und Transzendenz, besch\u00e4ftigen sich die T\u00e4nzerInnen Leo Brauckmann, Valerie Felix, Aur\u00e9lie Haus, Jacques Holter, Caterina Mascia, Sarah Plattes, Britta Schmitz, Frederic Thywissen, Caspar und Mathis Wagenbach mit Verhaltensweisen unterschiedlichster Kulturen. B\u00fchne: Guido &hellip; <a href=\"https:\/\/www.ullageiges.de\/?page_id=454\" class=\"more-link\"><span class=\"screen-reader-text\">Rituale    <span style='color:#5a3923;font-size:16px;'>(2006)<\/span><\/span> weiterlesen <span class=\"meta-nav\">&rarr;<\/span><\/a><\/p>\n","protected":false},"author":1,"featured_media":0,"parent":30,"menu_order":0,"comment_status":"closed","ping_status":"closed","template":"","meta":{"_links_to":"","_links_to_target":""},"_links":{"self":[{"href":"https:\/\/www.ullageiges.de\/index.php?rest_route=\/wp\/v2\/pages\/454"}],"collection":[{"href":"https:\/\/www.ullageiges.de\/index.php?rest_route=\/wp\/v2\/pages"}],"about":[{"href":"https:\/\/www.ullageiges.de\/index.php?rest_route=\/wp\/v2\/types\/page"}],"author":[{"embeddable":true,"href":"https:\/\/www.ullageiges.de\/index.php?rest_route=\/wp\/v2\/users\/1"}],"replies":[{"embeddable":true,"href":"https:\/\/www.ullageiges.de\/index.php?rest_route=%2Fwp%2Fv2%2Fcomments&post=454"}],"version-history":[{"count":0,"href":"https:\/\/www.ullageiges.de\/index.php?rest_route=\/wp\/v2\/pages\/454\/revisions"}],"up":[{"embeddable":true,"href":"https:\/\/www.ullageiges.de\/index.php?rest_route=\/wp\/v2\/pages\/30"}],"wp:attachment":[{"href":"https:\/\/www.ullageiges.de\/index.php?rest_route=%2Fwp%2Fv2%2Fmedia&parent=454"}],"curies":[{"name":"wp","href":"https:\/\/api.w.org\/{rel}","templated":true}]}}