{"id":538,"date":"2015-10-27T15:40:54","date_gmt":"2015-10-27T14:40:54","guid":{"rendered":"http:\/\/www.ullageiges.com\/new\/?page_id=538"},"modified":"2018-03-20T08:16:45","modified_gmt":"2018-03-20T07:16:45","slug":"la-tentation-de-linnocence","status":"publish","type":"page","link":"https:\/\/www.ullageiges.de\/?page_id=538","title":{"rendered":"La Tentation de l&#8217;Innocence    <span style='color:#5a3923;font-size:16px;'>(2012)<\/span>"},"content":{"rendered":"<p>Urauff\u00fchrung im Kulturzentrum Lubov Orlov &#8211; Svenigorod, Russische F\u00f6deration (Juni 2012)<\/p>\n<p>frei nach dem gleichnamigen Essay von Pascal Bruckner suchen die T\u00e4nzerInnen nach Antworten auf die Frage, wie gesellschaftliche Verantwortung mit dem immer dr\u00e4ngenderen Wunsch nach individueller Freiheit und Gl\u00fcck vereinbar ist.<\/p>\n<p><strong>Choreographie<\/strong>: Ulla Geiges<\/p>\n<p><strong>Tanz<\/strong>: Arabschoev Davlat, Baranova Anna, Bragin Jurij, Kabatai Elmira, Kudaschev Ivan, Makarova Olga, Schustov Biktor, Selesneva Anastasia, Silajev Dimitrij, Sotova Evgenia, Timofejev Timofei, Tschistjakov Anton<\/p>\n<p><strong>Lichtdesign<\/strong>: Galpirowitsch Ilja<br \/>\n<strong>Ton<\/strong>: Siborov Evgenij<\/p>\n<p>eine Produktion der Sovietischen Theatervereinigung (STD RF) im Rahmen der Internationalen Sommerakademie 2012<\/p>\n<div id=\"chor_gal\">\n<style id=\"bwg-style-0\">    #bwg_container1_0 #bwg_container2_0 .bwg-container-0.bwg-standard-thumbnails {      width: 504px;              justify-content: center;        margin:0 auto !important;              background-color: rgba(255, 255, 255, 0.00);            padding-left: 4px;      padding-top: 4px;      max-width: 100%;            }        #bwg_container1_0 #bwg_container2_0 .bwg-container-0.bwg-standard-thumbnails .bwg-item {      justify-content: flex-start;      max-width: 100px;          }    #bwg_container1_0 #bwg_container2_0 .bwg-container-0.bwg-standard-thumbnails .bwg-item > a {       margin-right: 4px;       margin-bottom: 4px;    }    #bwg_container1_0 #bwg_container2_0 .bwg-container-0.bwg-standard-thumbnails .bwg-item0 {      padding: 0px;            background-color:rgba(255,255,255, 0.30);      border: 0px none #CCCCCC;      opacity: 1.00;      border-radius: 0;      box-shadow: 0px 0px 0px #888888;    }    #bwg_container1_0 #bwg_container2_0 .bwg-container-0.bwg-standard-thumbnails .bwg-item1 img {      max-height: none;      max-width: none;      padding: 0 !important;    }        @media only screen and (min-width: 480px) {      #bwg_container1_0 #bwg_container2_0 .bwg-container-0.bwg-standard-thumbnails .bwg-item0 {        transition: all 0.3s ease 0s;-webkit-transition: all 0.3s ease 0s;      }      #bwg_container1_0 #bwg_container2_0 .bwg-container-0.bwg-standard-thumbnails .bwg-item0:hover {        -ms-transform: scale(1.1);        -webkit-transform: scale(1.1);        transform: scale(1.1);      }    }          #bwg_container1_0 #bwg_container2_0 .bwg-container-0.bwg-standard-thumbnails .bwg-item1 {      padding-top: 100%;    }        #bwg_container1_0 #bwg_container2_0 .bwg-container-0.bwg-standard-thumbnails .bwg-title2,    #bwg_container1_0 #bwg_container2_0 .bwg-container-0.bwg-standard-thumbnails .bwg-ecommerce2 {      color: #CCCCCC;      font-family: segoe ui;      font-size: 16px;      font-weight: bold;      padding: 2px;      text-shadow: 0px 0px 0px #888888;      max-height: 100%;    }    #bwg_container1_0 #bwg_container2_0 .bwg-container-0.bwg-standard-thumbnails .bwg-thumb-description span {    color: #323A45;    font-family: Ubuntu;    font-size: 12px;    max-height: 100%;    word-wrap: break-word;    }    #bwg_container1_0 #bwg_container2_0 .bwg-container-0.bwg-standard-thumbnails .bwg-play-icon2 {      font-size: 32px;    }    #bwg_container1_0 #bwg_container2_0 .bwg-container-0.bwg-standard-thumbnails .bwg-ecommerce2 {      font-size: 19.2px;      color: #CCCCCC;    }    <\/style>    <div id=\"bwg_container1_0\"         class=\"bwg_container bwg_thumbnail bwg_thumbnails\"         data-right-click-protection=\"0\"         data-bwg=\"0\"         data-gallery-type=\"thumbnails\"         data-current-url=\"https:\/\/www.ullageiges.de\/index.php?rest_route=%2Fwp%2Fv2%2Fpages%2F538\"         data-lightbox-url=\"https:\/\/www.ullageiges.de\/wp-admin\/admin-ajax.php?action=GalleryBox&#038;current_view=0&#038;gallery_id=23&#038;tag=0&#038;theme_id=1&#038;shortcode_id=23&#038;sort_by=order&#038;order_by=desc&#038;current_url=https%3A%2F%2Fwww.ullageiges.de%2Findex.php%3Frest_route%3D%252Fwp%252Fv2%252Fpages%252F538\"         data-gallery-id=\"23\"         data-popup-width=\"1200\"         data-popup-height=\"800\"         data-is-album=\"gallery\"         data-buttons-position=\"bottom\">      <div id=\"bwg_container2_0\">             <div id=\"ajax_loading_0\" class=\"bwg_loading_div_1\">      <div class=\"bwg_loading_div_2\">        <div class=\"bwg_loading_div_3\">          <div id=\"loading_div_0\" class=\"bwg_spider_ajax_loading\">          <\/div>        <\/div>      <\/div>    <\/div>            <form id=\"gal_front_form_0\"              class=\"bwg-hidden\"              method=\"post\"              action=\"#\"              data-current=\"0\"              data-shortcode-id=\"23\"              data-gallery-type=\"thumbnails\"              data-gallery-id=\"23\"              data-tag=\"0\"              data-album-id=\"0\"              data-theme-id=\"1\"              data-ajax-url=\"https:\/\/www.ullageiges.de\/wp-admin\/admin-ajax.php?action=bwg_frontend_data\">          <div id=\"bwg_container3_0\" class=\"bwg-background bwg-background-0\">                <div data-max-count=\"5\"         data-thumbnail-width=\"100\"         data-bwg=\"0\"         data-gallery-id=\"23\"         data-lightbox-url=\"https:\/\/www.ullageiges.de\/wp-admin\/admin-ajax.php?action=GalleryBox&amp;current_view=0&amp;gallery_id=23&amp;tag=0&amp;theme_id=1&amp;shortcode_id=23&amp;sort_by=order&amp;order_by=desc&amp;current_url=https%3A%2F%2Fwww.ullageiges.de%2Findex.php%3Frest_route%3D%252Fwp%252Fv2%252Fpages%252F538\"         id=\"bwg_thumbnails_0\"         class=\"bwg-container-0 bwg-thumbnails bwg-standard-thumbnails bwg-container bwg-border-box\">            <div class=\"bwg-item\">        <a class=\"bwg-a bwg_lightbox\"  data-image-id=\"305\" href=\"https:\/\/www.ullageiges.de\/wp-content\/uploads\/photo-gallery\/tentation01.jpg\" data-elementor-open-lightbox=\"no\" >                <div class=\"bwg-item0 \">          <div class=\"bwg-item1 \">            <div class=\"bwg-item2\">              <img class=\"skip-lazy bwg_standart_thumb_img_0 \"                   data-id=\"305\"                   data-width=\"\"                   data-height=\"\"                   data-src=\"https:\/\/www.ullageiges.de\/wp-content\/uploads\/photo-gallery\/thumb\/tentation01.jpg\"                   src=\"https:\/\/www.ullageiges.de\/wp-content\/uploads\/photo-gallery\/thumb\/tentation01.jpg\"                   alt=\"tentation01\" \/>            <\/div>            <div class=\"\">                                                      <\/div>          <\/div>        <\/div>                        <\/a>              <\/div>            <div class=\"bwg-item\">        <a class=\"bwg-a bwg_lightbox\"  data-image-id=\"306\" href=\"https:\/\/www.ullageiges.de\/wp-content\/uploads\/photo-gallery\/tentation02.jpg\" data-elementor-open-lightbox=\"no\" >                <div class=\"bwg-item0 \">          <div class=\"bwg-item1 \">            <div class=\"bwg-item2\">              <img class=\"skip-lazy bwg_standart_thumb_img_0 \"                   data-id=\"306\"                   data-width=\"\"                   data-height=\"\"                   data-src=\"https:\/\/www.ullageiges.de\/wp-content\/uploads\/photo-gallery\/thumb\/tentation02.jpg\"                   src=\"https:\/\/www.ullageiges.de\/wp-content\/uploads\/photo-gallery\/thumb\/tentation02.jpg\"                   alt=\"tentation02\" \/>            <\/div>            <div class=\"\">                                                      <\/div>          <\/div>        <\/div>                        <\/a>              <\/div>            <div class=\"bwg-item\">        <a class=\"bwg-a bwg_lightbox\"  data-image-id=\"307\" href=\"https:\/\/www.ullageiges.de\/wp-content\/uploads\/photo-gallery\/tentation03.jpg\" data-elementor-open-lightbox=\"no\" >                <div class=\"bwg-item0 \">          <div class=\"bwg-item1 \">            <div class=\"bwg-item2\">              <img class=\"skip-lazy bwg_standart_thumb_img_0 \"                   data-id=\"307\"                   data-width=\"\"                   data-height=\"\"                   data-src=\"https:\/\/www.ullageiges.de\/wp-content\/uploads\/photo-gallery\/thumb\/tentation03.jpg\"                   src=\"https:\/\/www.ullageiges.de\/wp-content\/uploads\/photo-gallery\/thumb\/tentation03.jpg\"                   alt=\"tentation03\" \/>            <\/div>            <div class=\"\">                                                      <\/div>          <\/div>        <\/div>                        <\/a>              <\/div>            <div class=\"bwg-item\">        <a class=\"bwg-a bwg_lightbox\"  data-image-id=\"308\" href=\"https:\/\/www.ullageiges.de\/wp-content\/uploads\/photo-gallery\/tentation04.jpg\" data-elementor-open-lightbox=\"no\" >                <div class=\"bwg-item0 \">          <div class=\"bwg-item1 \">            <div class=\"bwg-item2\">              <img class=\"skip-lazy bwg_standart_thumb_img_0 \"                   data-id=\"308\"                   data-width=\"\"                   data-height=\"\"                   data-src=\"https:\/\/www.ullageiges.de\/wp-content\/uploads\/photo-gallery\/thumb\/tentation04.jpg\"                   src=\"https:\/\/www.ullageiges.de\/wp-content\/uploads\/photo-gallery\/thumb\/tentation04.jpg\"                   alt=\"tentation04\" \/>            <\/div>            <div class=\"\">                                                      <\/div>          <\/div>        <\/div>                        <\/a>              <\/div>            <div class=\"bwg-item\">        <a class=\"bwg-a bwg_lightbox\"  data-image-id=\"309\" href=\"https:\/\/www.ullageiges.de\/wp-content\/uploads\/photo-gallery\/tentation05.jpg\" data-elementor-open-lightbox=\"no\" >                <div class=\"bwg-item0 \">          <div class=\"bwg-item1 \">            <div class=\"bwg-item2\">              <img class=\"skip-lazy bwg_standart_thumb_img_0 \"                   data-id=\"309\"                   data-width=\"\"                   data-height=\"\"                   data-src=\"https:\/\/www.ullageiges.de\/wp-content\/uploads\/photo-gallery\/thumb\/tentation05.jpg\"                   src=\"https:\/\/www.ullageiges.de\/wp-content\/uploads\/photo-gallery\/thumb\/tentation05.jpg\"                   alt=\"tentation05\" \/>            <\/div>            <div class=\"\">                                                      <\/div>          <\/div>        <\/div>                        <\/a>              <\/div>            <div class=\"bwg-item\">        <a class=\"bwg-a bwg_lightbox\"  data-image-id=\"310\" href=\"https:\/\/www.ullageiges.de\/wp-content\/uploads\/photo-gallery\/tentation06.jpg\" data-elementor-open-lightbox=\"no\" >                <div class=\"bwg-item0 \">          <div class=\"bwg-item1 \">            <div class=\"bwg-item2\">              <img class=\"skip-lazy bwg_standart_thumb_img_0 \"                   data-id=\"310\"                   data-width=\"\"                   data-height=\"\"                   data-src=\"https:\/\/www.ullageiges.de\/wp-content\/uploads\/photo-gallery\/thumb\/tentation06.jpg\"                   src=\"https:\/\/www.ullageiges.de\/wp-content\/uploads\/photo-gallery\/thumb\/tentation06.jpg\"                   alt=\"tentation06\" \/>            <\/div>            <div class=\"\">                                                      <\/div>          <\/div>        <\/div>                        <\/a>              <\/div>            <div class=\"bwg-item\">        <a class=\"bwg-a bwg_lightbox\"  data-image-id=\"311\" href=\"https:\/\/www.ullageiges.de\/wp-content\/uploads\/photo-gallery\/tentation07.jpg\" data-elementor-open-lightbox=\"no\" >                <div class=\"bwg-item0 \">          <div class=\"bwg-item1 \">            <div class=\"bwg-item2\">              <img class=\"skip-lazy bwg_standart_thumb_img_0 \"                   data-id=\"311\"                   data-width=\"\"                   data-height=\"\"                   data-src=\"https:\/\/www.ullageiges.de\/wp-content\/uploads\/photo-gallery\/thumb\/tentation07.jpg\"                   src=\"https:\/\/www.ullageiges.de\/wp-content\/uploads\/photo-gallery\/thumb\/tentation07.jpg\"                   alt=\"tentation07\" \/>            <\/div>            <div class=\"\">                                                      <\/div>          <\/div>        <\/div>                        <\/a>              <\/div>            <div class=\"bwg-item\">        <a class=\"bwg-a bwg_lightbox\"  data-image-id=\"312\" href=\"https:\/\/www.ullageiges.de\/wp-content\/uploads\/photo-gallery\/tentation08.jpg\" data-elementor-open-lightbox=\"no\" >                <div class=\"bwg-item0 \">          <div class=\"bwg-item1 \">            <div class=\"bwg-item2\">              <img class=\"skip-lazy bwg_standart_thumb_img_0 \"                   data-id=\"312\"                   data-width=\"\"                   data-height=\"\"                   data-src=\"https:\/\/www.ullageiges.de\/wp-content\/uploads\/photo-gallery\/thumb\/tentation08.jpg\"                   src=\"https:\/\/www.ullageiges.de\/wp-content\/uploads\/photo-gallery\/thumb\/tentation08.jpg\"                   alt=\"tentation08\" \/>            <\/div>            <div class=\"\">                                                      <\/div>          <\/div>        <\/div>                        <\/a>              <\/div>            <div class=\"bwg-item\">        <a class=\"bwg-a bwg_lightbox\"  data-image-id=\"313\" href=\"https:\/\/www.ullageiges.de\/wp-content\/uploads\/photo-gallery\/tentation09.jpg\" data-elementor-open-lightbox=\"no\" >                <div class=\"bwg-item0 \">          <div class=\"bwg-item1 \">            <div class=\"bwg-item2\">              <img class=\"skip-lazy bwg_standart_thumb_img_0 \"                   data-id=\"313\"                   data-width=\"\"                   data-height=\"\"                   data-src=\"https:\/\/www.ullageiges.de\/wp-content\/uploads\/photo-gallery\/thumb\/tentation09.jpg\"                   src=\"https:\/\/www.ullageiges.de\/wp-content\/uploads\/photo-gallery\/thumb\/tentation09.jpg\"                   alt=\"tentation09\" \/>            <\/div>            <div class=\"\">                                                      <\/div>          <\/div>        <\/div>                        <\/a>              <\/div>            <div class=\"bwg-item\">        <a class=\"bwg-a bwg_lightbox\"  data-image-id=\"314\" href=\"https:\/\/www.ullageiges.de\/wp-content\/uploads\/photo-gallery\/tentation10.jpg\" data-elementor-open-lightbox=\"no\" >                <div class=\"bwg-item0 \">          <div class=\"bwg-item1 \">            <div class=\"bwg-item2\">              <img class=\"skip-lazy bwg_standart_thumb_img_0 \"                   data-id=\"314\"                   data-width=\"\"                   data-height=\"\"                   data-src=\"https:\/\/www.ullageiges.de\/wp-content\/uploads\/photo-gallery\/thumb\/tentation10.jpg\"                   src=\"https:\/\/www.ullageiges.de\/wp-content\/uploads\/photo-gallery\/thumb\/tentation10.jpg\"                   alt=\"tentation10\" \/>            <\/div>            <div class=\"\">                                                      <\/div>          <\/div>        <\/div>                        <\/a>              <\/div>          <\/div>              <\/div>        <\/form>          <style>          #bwg_container1_0 #bwg_container2_0 #spider_popup_overlay_0 {          background-color: #000000;          opacity: 0.70;          }          <\/style>        <div id=\"bwg_spider_popup_loading_0\" class=\"bwg_spider_popup_loading\"><\/div>        <div id=\"spider_popup_overlay_0\" class=\"spider_popup_overlay\" onclick=\"spider_destroypopup(1000)\"><\/div>        <input type=\"hidden\" id=\"bwg_random_seed_0\" value=\"1586495501\">                <\/div>    <\/div>    <script>      if (document.readyState === 'complete') {        if( typeof bwg_main_ready == 'function' ) {          if ( jQuery(\"#bwg_container1_0\").height() ) {            bwg_main_ready(jQuery(\"#bwg_container1_0\"));          }        }      } else {        document.addEventListener('DOMContentLoaded', function() {          if( typeof bwg_main_ready == 'function' ) {            if ( jQuery(\"#bwg_container1_0\").height() ) {             bwg_main_ready(jQuery(\"#bwg_container1_0\"));            }          }        });      }    <\/script>    \n<\/div>\n<p>&nbsp;<\/p>\n<p><b>POSTER<\/b><br \/>\n<a href=\"https:\/\/www.ullageiges.de\/wp-content\/uploads\/2015\/10\/tentation_poster1.jpg\"><img loading=\"lazy\" class=\"alignleft wp-image-583\" src=\"https:\/\/www.ullageiges.de\/wp-content\/uploads\/2015\/10\/tentation_poster1.jpg\" alt=\"tentation_poster1\" width=\"180\" height=\"253\" srcset=\"https:\/\/www.ullageiges.de\/wp-content\/uploads\/2015\/10\/tentation_poster1.jpg 640w, https:\/\/www.ullageiges.de\/wp-content\/uploads\/2015\/10\/tentation_poster1-213x300.jpg 213w\" sizes=\"(max-width: 180px) 100vw, 180px\" \/><\/a><\/p>\n","protected":false},"excerpt":{"rendered":"<p>Urauff\u00fchrung im Kulturzentrum Lubov Orlov &#8211; Svenigorod, Russische F\u00f6deration (Juni 2012) frei nach dem gleichnamigen Essay von Pascal Bruckner suchen die T\u00e4nzerInnen nach Antworten auf die Frage, wie gesellschaftliche Verantwortung mit dem immer dr\u00e4ngenderen Wunsch nach individueller Freiheit und Gl\u00fcck vereinbar ist. Choreographie: Ulla Geiges Tanz: Arabschoev Davlat, Baranova Anna, Bragin Jurij, Kabatai Elmira, Kudaschev &hellip; <a href=\"https:\/\/www.ullageiges.de\/?page_id=538\" class=\"more-link\"><span class=\"screen-reader-text\">La Tentation de l&#8217;Innocence    <span style='color:#5a3923;font-size:16px;'>(2012)<\/span><\/span> weiterlesen <span class=\"meta-nav\">&rarr;<\/span><\/a><\/p>\n","protected":false},"author":1,"featured_media":0,"parent":26,"menu_order":0,"comment_status":"closed","ping_status":"closed","template":"","meta":{"_links_to":"","_links_to_target":""},"_links":{"self":[{"href":"https:\/\/www.ullageiges.de\/index.php?rest_route=\/wp\/v2\/pages\/538"}],"collection":[{"href":"https:\/\/www.ullageiges.de\/index.php?rest_route=\/wp\/v2\/pages"}],"about":[{"href":"https:\/\/www.ullageiges.de\/index.php?rest_route=\/wp\/v2\/types\/page"}],"author":[{"embeddable":true,"href":"https:\/\/www.ullageiges.de\/index.php?rest_route=\/wp\/v2\/users\/1"}],"replies":[{"embeddable":true,"href":"https:\/\/www.ullageiges.de\/index.php?rest_route=%2Fwp%2Fv2%2Fcomments&post=538"}],"version-history":[{"count":0,"href":"https:\/\/www.ullageiges.de\/index.php?rest_route=\/wp\/v2\/pages\/538\/revisions"}],"up":[{"embeddable":true,"href":"https:\/\/www.ullageiges.de\/index.php?rest_route=\/wp\/v2\/pages\/26"}],"wp:attachment":[{"href":"https:\/\/www.ullageiges.de\/index.php?rest_route=%2Fwp%2Fv2%2Fmedia&parent=538"}],"curies":[{"name":"wp","href":"https:\/\/api.w.org\/{rel}","templated":true}]}}